{"id":786,"date":"2020-09-01T02:26:54","date_gmt":"2020-09-01T02:26:54","guid":{"rendered":"http:\/\/cristanini.com.co\/nuevositio\/?post_type=product&#038;p=786"},"modified":"2020-10-22T02:25:43","modified_gmt":"2020-10-22T02:25:43","slug":"tsdm-tactical-steam-decon-module","status":"publish","type":"product","link":"https:\/\/cristanini.com.co\/index.php\/product\/tsdm-tactical-steam-decon-module\/","title":{"rendered":"TSDM &#8211; TACTICAL STEAM DECON MODULE"},"content":{"rendered":"","protected":false},"excerpt":{"rendered":"<p>M\u00f3dulo TSDM (Tactical Steam Decon Module) por:<\/p>\n<p>Descontaminaci\u00f3n de las personas, que emplean ( o no ) el equipo de protecci\u00f3n personal ( PPE ), con mezclador autom\u00e1tico de nuestro producto descontaminante BX 29, certificado como compatible para ser utilizado directamente sobre la piel humana , con agua a 34 \u00b0 C ( 93,2 \u00b0 F ); Descontaminaci\u00f3n del equipo ( equipo de protecci\u00f3n personal &#8211; Ap ) y materiales con vapor saturado de hasta 180 \u00b0 C ( 356 \u00b0 F ).<\/p>\n<p>&nbsp;<\/p>\n[button size='big_large' style='' text='DESCARGAR PDF' icon='fa-download' icon_color='#ffffff' link='https:\/\/cristanini.com.co\/wp-content\/uploads\/2020\/09\/TDSM.pdf' target='_blank' color='#ffffff' hover_color='#ffffff' border_color='#0a0909' hover_border_color='' background_color='#ff0000' hover_background_color='#a30a0a' font_style='normal' font_weight='' text_align='center' margin='']\n","protected":false},"featured_media":787,"template":"","meta":[],"_links":{"self":[{"href":"https:\/\/cristanini.com.co\/index.php\/wp-json\/wp\/v2\/product\/786"}],"collection":[{"href":"https:\/\/cristanini.com.co\/index.php\/wp-json\/wp\/v2\/product"}],"about":[{"href":"https:\/\/cristanini.com.co\/index.php\/wp-json\/wp\/v2\/types\/product"}],"wp:featuredmedia":[{"embeddable":true,"href":"https:\/\/cristanini.com.co\/index.php\/wp-json\/wp\/v2\/media\/787"}],"wp:attachment":[{"href":"https:\/\/cristanini.com.co\/index.php\/wp-json\/wp\/v2\/media?parent=786"}],"curies":[{"name":"wp","href":"https:\/\/api.w.org\/{rel}","templated":true}]}}