{"id":778,"date":"2020-09-01T02:18:01","date_gmt":"2020-09-01T02:18:01","guid":{"rendered":"http:\/\/cristanini.com.co\/nuevositio\/?post_type=product&#038;p=778"},"modified":"2020-10-22T02:26:07","modified_gmt":"2020-10-22T02:26:07","slug":"sam-125-m","status":"publish","type":"product","link":"https:\/\/cristanini.com.co\/index.php\/product\/sam-125-m\/","title":{"rendered":"SAM 125 M"},"content":{"rendered":"","protected":false},"excerpt":{"rendered":"<p>DUCHA DE CAMPA\u00d1A PARA LA DESCONTAMINACI\u00d3N DE PERSONAS QUE LLEVAN ( O NO ) EL EQUIPO DE PROTECCI\u00d3N PERSONAL (EPP ) CON MEZCLADOR AUTOM\u00c1TICO DE NUESTRO PRODUCTO DESCONTAMINANTE BX 29 CERTIFICADO COMO COMPATIBLE PARA SER UTILIZADO DIRECTAMENTE EN LA PIEL HUMANA.<\/p>\n<p>&nbsp;<\/p>\n[button size='big_large' style='' text='DESCARGAR PDF' icon='fa-download' icon_color='#ffffff' link='https:\/\/cristanini.com.co\/wp-content\/uploads\/2020\/09\/SAM-125-M.pdf' target='_blank' color='#ffffff' hover_color='#ffffff' border_color='#0a0909' hover_border_color='' background_color='#ff0000' hover_background_color='#a30a0a' font_style='normal' font_weight='' text_align='center' margin='']\n","protected":false},"featured_media":779,"template":"","meta":[],"_links":{"self":[{"href":"https:\/\/cristanini.com.co\/index.php\/wp-json\/wp\/v2\/product\/778"}],"collection":[{"href":"https:\/\/cristanini.com.co\/index.php\/wp-json\/wp\/v2\/product"}],"about":[{"href":"https:\/\/cristanini.com.co\/index.php\/wp-json\/wp\/v2\/types\/product"}],"wp:featuredmedia":[{"embeddable":true,"href":"https:\/\/cristanini.com.co\/index.php\/wp-json\/wp\/v2\/media\/779"}],"wp:attachment":[{"href":"https:\/\/cristanini.com.co\/index.php\/wp-json\/wp\/v2\/media?parent=778"}],"curies":[{"name":"wp","href":"https:\/\/api.w.org\/{rel}","templated":true}]}}