{"id":753,"date":"2020-09-01T00:55:23","date_gmt":"2020-09-01T00:55:23","guid":{"rendered":"http:\/\/cristanini.com.co\/nuevositio\/?post_type=product&#038;p=753"},"modified":"2020-10-22T02:26:53","modified_gmt":"2020-10-22T02:26:53","slug":"estacion-inflable-multi-uso-para-la-descontaminacion-y-la-detoxificacion","status":"publish","type":"product","link":"https:\/\/cristanini.com.co\/index.php\/product\/estacion-inflable-multi-uso-para-la-descontaminacion-y-la-detoxificacion\/","title":{"rendered":"ESTACI\u00d3N INFLABLE MULTI-USO PARA LA DESCONTAMINACI\u00d3N Y LA DETOXIFICACI\u00d3N"},"content":{"rendered":"","protected":false},"excerpt":{"rendered":"<p>Tienda\u00a0para la descontaminaci\u00f3n de personas, con mezclador autom\u00e1tico para el\u00a0producto de descontaminaci\u00f3n BX 29 certificado como compatible para ser utilizado directamente en la piel humana.<\/p>\n<p>CAPACIDAD:<\/p>\n<p>Descontaminaci\u00f3n del personal: 240 personas \/ h<\/p>\n<p>Descontaminaci\u00f3n del\u00a0personal herido: 7 personas \/ h<\/p>\n<p>&nbsp;<\/p>\n[button size='big_large' style='' text='DESCARGAR PDF' icon='fa-download' icon_color='#ffffff' link='https:\/\/cristanini.com.co\/wp-content\/uploads\/2020\/09\/MIT-LARGE-CAPACITY.pdf' target='_blank' color='#ffffff' hover_color='#ffffff' border_color='#0a0909' hover_border_color='' background_color='#ff0000' hover_background_color='#a30a0a' font_style='normal' font_weight='' text_align='center' margin='']\n","protected":false},"featured_media":754,"template":"","meta":[],"_links":{"self":[{"href":"https:\/\/cristanini.com.co\/index.php\/wp-json\/wp\/v2\/product\/753"}],"collection":[{"href":"https:\/\/cristanini.com.co\/index.php\/wp-json\/wp\/v2\/product"}],"about":[{"href":"https:\/\/cristanini.com.co\/index.php\/wp-json\/wp\/v2\/types\/product"}],"wp:featuredmedia":[{"embeddable":true,"href":"https:\/\/cristanini.com.co\/index.php\/wp-json\/wp\/v2\/media\/754"}],"wp:attachment":[{"href":"https:\/\/cristanini.com.co\/index.php\/wp-json\/wp\/v2\/media?parent=753"}],"curies":[{"name":"wp","href":"https:\/\/api.w.org\/{rel}","templated":true}]}}