{"id":749,"date":"2020-09-01T00:45:06","date_gmt":"2020-09-01T00:45:06","guid":{"rendered":"http:\/\/cristanini.com.co\/nuevositio\/?post_type=product&#038;p=749"},"modified":"2020-10-23T01:02:07","modified_gmt":"2020-10-23T01:02:07","slug":"estacion-inflable-multi-uso-para-la-descontaminacion-y-detoxificacion","status":"publish","type":"product","link":"https:\/\/cristanini.com.co\/index.php\/product\/estacion-inflable-multi-uso-para-la-descontaminacion-y-detoxificacion\/","title":{"rendered":"ESTACI\u00d3N INFLABLE MULTI-USO PARA LA DESCONTAMINACI\u00d3N Y DETOXIFICACI\u00d3N"},"content":{"rendered":"","protected":false},"excerpt":{"rendered":"<p>Tienda para \u00a0la descontaminaci\u00f3n masiva\u00a0de\u00a0personas, con mezclador autom\u00e1tico para nuestro producto descontaminante BX 29 certificado como compatible para ser utilizado directamente sobre la piel humana, con 3 v\u00edas separadas para hombres, mujeres y personas heridas.<\/p>\n<p>CAPACIDAD:<\/p>\n<p>Descontaminaci\u00f3n del personal: 120 personas \/ h<\/p>\n<p>Descontaminaci\u00f3n del\u00a0personal herido: 7 personas \/ h<\/p>\n[button size='big_large' style='' text='DESCARGAR PDF' icon='fa-download' icon_color='#ffffff' link='https:\/\/cristanini.com.co\/wp-content\/uploads\/2020\/09\/MIT.pdf' target='_blank' color='#ffffff' hover_color='#ffffff' border_color='#0a0909' hover_border_color='' background_color='#ff0000' hover_background_color='#a30a0a' font_style='normal' font_weight='' text_align='center' margin='']\n<p>&nbsp;<\/p>\n<p>[vc_video link=&#8217;https:\/\/youtu.be\/Y3sBKzzvvoQ&#8217;]<\/p>\n","protected":false},"featured_media":751,"template":"","meta":[],"_links":{"self":[{"href":"https:\/\/cristanini.com.co\/index.php\/wp-json\/wp\/v2\/product\/749"}],"collection":[{"href":"https:\/\/cristanini.com.co\/index.php\/wp-json\/wp\/v2\/product"}],"about":[{"href":"https:\/\/cristanini.com.co\/index.php\/wp-json\/wp\/v2\/types\/product"}],"wp:featuredmedia":[{"embeddable":true,"href":"https:\/\/cristanini.com.co\/index.php\/wp-json\/wp\/v2\/media\/751"}],"wp:attachment":[{"href":"https:\/\/cristanini.com.co\/index.php\/wp-json\/wp\/v2\/media?parent=749"}],"curies":[{"name":"wp","href":"https:\/\/api.w.org\/{rel}","templated":true}]}}