{"id":735,"date":"2020-08-31T22:56:28","date_gmt":"2020-08-31T22:56:28","guid":{"rendered":"http:\/\/cristanini.com.co\/nuevositio\/?post_type=product&#038;p=735"},"modified":"2020-08-31T22:56:29","modified_gmt":"2020-08-31T22:56:29","slug":"bx-60-2-para-vapor-vacuum","status":"publish","type":"product","link":"https:\/\/cristanini.com.co\/index.php\/product\/bx-60-2-para-vapor-vacuum\/","title":{"rendered":"BX 60\/2 PARA VAPOR VACUUM"},"content":{"rendered":"","protected":false},"excerpt":{"rendered":"<p>Producto desinfectante\/detergente con amplio espectro de acci\u00f3n. BX 60\/2 se puede utilizar con todo el sistemas de descontaminaci\u00f3n, como el\u00a0VAC\u00cdO DE VAPOR, para la recuperaci\u00f3n de los veh\u00edculos interiores contaminadas con residuos org\u00e1nicos.<\/p>\n","protected":false},"featured_media":618,"template":"","meta":[],"_links":{"self":[{"href":"https:\/\/cristanini.com.co\/index.php\/wp-json\/wp\/v2\/product\/735"}],"collection":[{"href":"https:\/\/cristanini.com.co\/index.php\/wp-json\/wp\/v2\/product"}],"about":[{"href":"https:\/\/cristanini.com.co\/index.php\/wp-json\/wp\/v2\/types\/product"}],"wp:featuredmedia":[{"embeddable":true,"href":"https:\/\/cristanini.com.co\/index.php\/wp-json\/wp\/v2\/media\/618"}],"wp:attachment":[{"href":"https:\/\/cristanini.com.co\/index.php\/wp-json\/wp\/v2\/media?parent=735"}],"curies":[{"name":"wp","href":"https:\/\/api.w.org\/{rel}","templated":true}]}}