{"id":714,"date":"2020-08-31T22:39:20","date_gmt":"2020-08-31T22:39:20","guid":{"rendered":"http:\/\/cristanini.com.co\/nuevositio\/?post_type=product&#038;p=714"},"modified":"2020-08-31T22:39:23","modified_gmt":"2020-08-31T22:39:23","slug":"skid-v-025-steam","status":"publish","type":"product","link":"https:\/\/cristanini.com.co\/index.php\/product\/skid-v-025-steam\/","title":{"rendered":"SKID V-025 STEAM"},"content":{"rendered":"","protected":false},"excerpt":{"rendered":"<p>SISTEMA AUT\u00d3NOMO PARA LA DEGASIFICACI\u00d3N Y ESTERILIZACI\u00d3N<\/p>\n<p>Sistema aut\u00f3nomo para la degasificaci\u00f3n y la esterilizaci\u00f3n de cisternas, dep\u00f3sitos, silos y entornos\u00a0confinados en los que puede haber productos qu\u00edmicos asfixiantes, t\u00f3xicos o inflamables.<\/p>\n","protected":false},"featured_media":715,"template":"","meta":[],"_links":{"self":[{"href":"https:\/\/cristanini.com.co\/index.php\/wp-json\/wp\/v2\/product\/714"}],"collection":[{"href":"https:\/\/cristanini.com.co\/index.php\/wp-json\/wp\/v2\/product"}],"about":[{"href":"https:\/\/cristanini.com.co\/index.php\/wp-json\/wp\/v2\/types\/product"}],"wp:featuredmedia":[{"embeddable":true,"href":"https:\/\/cristanini.com.co\/index.php\/wp-json\/wp\/v2\/media\/715"}],"wp:attachment":[{"href":"https:\/\/cristanini.com.co\/index.php\/wp-json\/wp\/v2\/media?parent=714"}],"curies":[{"name":"wp","href":"https:\/\/api.w.org\/{rel}","templated":true}]}}