{"id":712,"date":"2020-08-31T22:38:12","date_gmt":"2020-08-31T22:38:12","guid":{"rendered":"http:\/\/cristanini.com.co\/nuevositio\/?post_type=product&#038;p=712"},"modified":"2020-08-31T22:38:14","modified_gmt":"2020-08-31T22:38:14","slug":"fduwt-tanque-de-agua-flexible-de-doble-uso","status":"publish","type":"product","link":"https:\/\/cristanini.com.co\/index.php\/product\/fduwt-tanque-de-agua-flexible-de-doble-uso\/","title":{"rendered":"FDUWT &#8211; TANQUE DE AGUA FLEXIBLE DE DOBLE USO"},"content":{"rendered":"","protected":false},"excerpt":{"rendered":"<p>El sistema permite el transporte seguro de agua limpia y sucia con ventaja log\u00edstica. El tanque puede ser f\u00e1cilmente transportado por gr\u00faa, helic\u00f3ptero, cami\u00f3n, etc. Tiene una capacidad de 1500 litros.<\/p>\n","protected":false},"featured_media":713,"template":"","meta":[],"_links":{"self":[{"href":"https:\/\/cristanini.com.co\/index.php\/wp-json\/wp\/v2\/product\/712"}],"collection":[{"href":"https:\/\/cristanini.com.co\/index.php\/wp-json\/wp\/v2\/product"}],"about":[{"href":"https:\/\/cristanini.com.co\/index.php\/wp-json\/wp\/v2\/types\/product"}],"wp:featuredmedia":[{"embeddable":true,"href":"https:\/\/cristanini.com.co\/index.php\/wp-json\/wp\/v2\/media\/713"}],"wp:attachment":[{"href":"https:\/\/cristanini.com.co\/index.php\/wp-json\/wp\/v2\/media?parent=712"}],"curies":[{"name":"wp","href":"https:\/\/api.w.org\/{rel}","templated":true}]}}