{"id":710,"date":"2020-08-31T22:37:04","date_gmt":"2020-08-31T22:37:04","guid":{"rendered":"http:\/\/cristanini.com.co\/nuevositio\/?post_type=product&#038;p=710"},"modified":"2020-08-31T22:37:06","modified_gmt":"2020-08-31T22:37:06","slug":"light-decon-trailer","status":"publish","type":"product","link":"https:\/\/cristanini.com.co\/index.php\/product\/light-decon-trailer\/","title":{"rendered":"LIGHT DECON TRAILER"},"content":{"rendered":"","protected":false},"excerpt":{"rendered":"<p>Unidad de despliegue para la descontaminaci\u00f3n y detoxificaci\u00f3n r\u00e1pida para equipos de intervenci\u00f3n ligera especializados en las amenazas NBQR y para fuerzas armadas.<\/p>\n","protected":false},"featured_media":711,"template":"","meta":[],"_links":{"self":[{"href":"https:\/\/cristanini.com.co\/index.php\/wp-json\/wp\/v2\/product\/710"}],"collection":[{"href":"https:\/\/cristanini.com.co\/index.php\/wp-json\/wp\/v2\/product"}],"about":[{"href":"https:\/\/cristanini.com.co\/index.php\/wp-json\/wp\/v2\/types\/product"}],"wp:featuredmedia":[{"embeddable":true,"href":"https:\/\/cristanini.com.co\/index.php\/wp-json\/wp\/v2\/media\/711"}],"wp:attachment":[{"href":"https:\/\/cristanini.com.co\/index.php\/wp-json\/wp\/v2\/media?parent=710"}],"curies":[{"name":"wp","href":"https:\/\/api.w.org\/{rel}","templated":true}]}}