{"id":700,"date":"2020-08-31T22:31:56","date_gmt":"2020-08-31T22:31:56","guid":{"rendered":"http:\/\/cristanini.com.co\/nuevositio\/?post_type=product&#038;p=700"},"modified":"2020-08-31T22:31:58","modified_gmt":"2020-08-31T22:31:58","slug":"ddmas-decontamination-detoxification-mobile-autonomous-system","status":"publish","type":"product","link":"https:\/\/cristanini.com.co\/index.php\/product\/ddmas-decontamination-detoxification-mobile-autonomous-system\/","title":{"rendered":"DDMAS &#8211; DECONTAMINATION\/DETOXIFICATION MOBILE AUTONOMOUS SYSTEM"},"content":{"rendered":"","protected":false},"excerpt":{"rendered":"<p>Estaci\u00f3n m\u00f3vil aut\u00f3noma para la descontaminaci\u00f3n y la detoxificaci\u00f3n NBQR completa de veh\u00edculos,\u00a0 materiales, personas, terrenos y equipos sensibles.<\/p>\n<p>&nbsp;<\/p>\n<p>[vc_video link=&#8217;https:\/\/youtu.be\/gzaGM9gP59s&#8217;]<\/p>\n","protected":false},"featured_media":701,"template":"","meta":[],"_links":{"self":[{"href":"https:\/\/cristanini.com.co\/index.php\/wp-json\/wp\/v2\/product\/700"}],"collection":[{"href":"https:\/\/cristanini.com.co\/index.php\/wp-json\/wp\/v2\/product"}],"about":[{"href":"https:\/\/cristanini.com.co\/index.php\/wp-json\/wp\/v2\/types\/product"}],"wp:featuredmedia":[{"embeddable":true,"href":"https:\/\/cristanini.com.co\/index.php\/wp-json\/wp\/v2\/media\/701"}],"wp:attachment":[{"href":"https:\/\/cristanini.com.co\/index.php\/wp-json\/wp\/v2\/media?parent=700"}],"curies":[{"name":"wp","href":"https:\/\/api.w.org\/{rel}","templated":true}]}}