{"id":691,"date":"2020-08-31T22:23:53","date_gmt":"2020-08-31T22:23:53","guid":{"rendered":"http:\/\/cristanini.com.co\/nuevositio\/?post_type=product&#038;p=691"},"modified":"2020-10-23T01:01:30","modified_gmt":"2020-10-23T01:01:30","slug":"psds-15-mil-ruggedized","status":"publish","type":"product","link":"https:\/\/cristanini.com.co\/index.php\/product\/psds-15-mil-ruggedized\/","title":{"rendered":"PSDS 1,5 MIL RUGGEDIZED"},"content":{"rendered":"","protected":false},"excerpt":{"rendered":"<p>&nbsp;<\/p>\n<p>Equipo Port\u00e1til para la descontaminaci\u00f3n\/detoxificaci\u00f3n NBQR de urgencia. Este sistema port\u00e1til para la descontaminaci\u00f3n \/ detoxificaci\u00f3n est\u00e1 fabricado de un material que tiene alta resistencia a los productos qu\u00edmicos agresivos y es totalmente compatible con los productos descontaminantes. Tambi\u00e9n puede ser instalado permanentemente en veh\u00edculos, con un soporte adecuado (opcional).<\/p>\n<p>&nbsp;<\/p>\n[button size='big_large' style='' text='DESCARGAR PDF' icon='fa-download' icon_color='#ffffff' link='https:\/\/cristanini.com.co\/wp-content\/uploads\/2020\/08\/FD-467-PSDS-1.5-RUGGEDIZED.pdf' target='_blank' color='#ffffff' hover_color='#ffffff' border_color='#0a0909' hover_border_color='' background_color='#ff0000' hover_background_color='#a30a0a' font_style='normal' font_weight='' text_align='center' margin='']\n<p>&nbsp;<\/p>\n<p>[vc_video link=&#8217;https:\/\/youtu.be\/5w2i5JFOrDI&#8217;]<\/p>\n","protected":false},"featured_media":692,"template":"","meta":[],"_links":{"self":[{"href":"https:\/\/cristanini.com.co\/index.php\/wp-json\/wp\/v2\/product\/691"}],"collection":[{"href":"https:\/\/cristanini.com.co\/index.php\/wp-json\/wp\/v2\/product"}],"about":[{"href":"https:\/\/cristanini.com.co\/index.php\/wp-json\/wp\/v2\/types\/product"}],"wp:featuredmedia":[{"embeddable":true,"href":"https:\/\/cristanini.com.co\/index.php\/wp-json\/wp\/v2\/media\/692"}],"wp:attachment":[{"href":"https:\/\/cristanini.com.co\/index.php\/wp-json\/wp\/v2\/media?parent=691"}],"curies":[{"name":"wp","href":"https:\/\/api.w.org\/{rel}","templated":true}]}}