{"id":669,"date":"2020-08-31T21:52:21","date_gmt":"2020-08-31T21:52:21","guid":{"rendered":"http:\/\/cristanini.com.co\/nuevositio\/?post_type=product&#038;p=669"},"modified":"2020-10-22T02:31:05","modified_gmt":"2020-10-22T02:31:05","slug":"sanijetgun","status":"publish","type":"product","link":"https:\/\/cristanini.com.co\/index.php\/product\/sanijetgun\/","title":{"rendered":"SANIJETGUN"},"content":{"rendered":"","protected":false},"excerpt":{"rendered":"<p style=\"text-align: justify;\">La lanza especial SANIJETGUN ha sido creada y desarrollada por la empresa Cristanini para realizar la descontaminaci\u00f3n y detoxificaci\u00f3n NBQR de una manera r\u00e1pida y eficaz en tres fases: prelavado, descontaminaci\u00f3n\/detoxificaci\u00f3n NBQR y aclarado. Las tres fases pueden desarrollarse mediante un solo operador y con un solo producto, gracias al mando directo que hay en la lanza para la variaci\u00f3n de las funciones.<\/p>\n<p>&nbsp;<\/p>\n[button size='big_large' style='' text='DESCARGAR PDF' icon='fa-download' icon_color='#ffffff' link='https:\/\/cristanini.com.co\/wp-content\/uploads\/2020\/08\/SANIJETGUN.pdf' target='_blank' color='#ffffff' hover_color='#ffffff' border_color='#0a0909' hover_border_color='' background_color='#ff0000' hover_background_color='#a30a0a' font_style='normal' font_weight='' text_align='center' margin='']\n<p>&nbsp;<\/p>\n<p>[vc_video link=&#8217;https:\/\/youtu.be\/XNFj39E2ZC0&#8242;]<\/p>\n<p>&nbsp;<\/p>\n","protected":false},"featured_media":670,"template":"","meta":[],"_links":{"self":[{"href":"https:\/\/cristanini.com.co\/index.php\/wp-json\/wp\/v2\/product\/669"}],"collection":[{"href":"https:\/\/cristanini.com.co\/index.php\/wp-json\/wp\/v2\/product"}],"about":[{"href":"https:\/\/cristanini.com.co\/index.php\/wp-json\/wp\/v2\/types\/product"}],"wp:featuredmedia":[{"embeddable":true,"href":"https:\/\/cristanini.com.co\/index.php\/wp-json\/wp\/v2\/media\/670"}],"wp:attachment":[{"href":"https:\/\/cristanini.com.co\/index.php\/wp-json\/wp\/v2\/media?parent=669"}],"curies":[{"name":"wp","href":"https:\/\/api.w.org\/{rel}","templated":true}]}}