{"id":664,"date":"2020-08-31T20:32:51","date_gmt":"2020-08-31T20:32:51","guid":{"rendered":"http:\/\/cristanini.com.co\/nuevositio\/?post_type=product&#038;p=664"},"modified":"2020-10-22T02:30:23","modified_gmt":"2020-10-22T02:30:23","slug":"sanijet-c-921","status":"publish","type":"product","link":"https:\/\/cristanini.com.co\/index.php\/product\/sanijet-c-921\/","title":{"rendered":"SANIJET C. 921"},"content":{"rendered":"","protected":false},"excerpt":{"rendered":"<p style=\"text-align: justify;\">SANIJET C. 921\u00a0constituye el coraz\u00f3n de todos nuestros sistemas de descontaminaci\u00f3n y detoxificaci\u00f3n NBQR. Est\u00e1 disponible en diferentes versiones, con la finalidad de responder de la manera m\u00e1s adecuada a las exigencias y a las necesidades operativas. Entre las caracter\u00edsticas generales que comparten todos los modelos es la capacidad de trabajar con autonom\u00eda total (alimentado por cualquier tipo de combustible), en condiciones clim\u00e1ticas extremas con temperaturas que oscilan entre &#8211; 20\u00b0C a + 50\u00b0C.<\/p>\n<p>&nbsp;<\/p>\n[button size='big_large' style='' text='DESCARGAR PDF' icon='fa-download' icon_color='#ffffff' link='https:\/\/cristanini.com.co\/wp-content\/uploads\/2020\/08\/SANIJET-C.-921.pdf' target='_blank' color='#ffffff' hover_color='#ffffff' border_color='#0a0909' hover_border_color='' background_color='#ff0000' hover_background_color='#a30a0a' font_style='normal' font_weight='' text_align='center' margin='']\n<p>&nbsp;<\/p>\n<p>[vc_video link=&#8217;https:\/\/youtu.be\/XNFj39E2ZC0&#8242;]<\/p>\n<p>&nbsp;<\/p>\n","protected":false},"featured_media":665,"template":"","meta":[],"_links":{"self":[{"href":"https:\/\/cristanini.com.co\/index.php\/wp-json\/wp\/v2\/product\/664"}],"collection":[{"href":"https:\/\/cristanini.com.co\/index.php\/wp-json\/wp\/v2\/product"}],"about":[{"href":"https:\/\/cristanini.com.co\/index.php\/wp-json\/wp\/v2\/types\/product"}],"wp:featuredmedia":[{"embeddable":true,"href":"https:\/\/cristanini.com.co\/index.php\/wp-json\/wp\/v2\/media\/665"}],"wp:attachment":[{"href":"https:\/\/cristanini.com.co\/index.php\/wp-json\/wp\/v2\/media?parent=664"}],"curies":[{"name":"wp","href":"https:\/\/api.w.org\/{rel}","templated":true}]}}