{"id":738,"date":"2020-09-01T00:12:53","date_gmt":"2020-09-01T00:12:53","guid":{"rendered":"http:\/\/cristanini.com.co\/nuevositio\/?page_id=738"},"modified":"2020-09-15T19:42:41","modified_gmt":"2020-09-15T19:42:41","slug":"descontaminacion-de-personas","status":"publish","type":"page","link":"https:\/\/cristanini.com.co\/index.php\/descontaminacion-de-personas\/","title":{"rendered":"DESCONTAMINACI\u00d3N DE PERSONAS"},"content":{"rendered":"<p>[vc_row css_animation=&#8221;&#8221; row_type=&#8221;row&#8221; use_row_as_full_screen_section=&#8221;yes&#8221; type=&#8221;full_width&#8221; angled_section=&#8221;no&#8221; text_align=&#8221;left&#8221; background_image_as_pattern=&#8221;without_pattern&#8221; css=&#8221;.vc_custom_1598711503089{padding-top: 5% !important;padding-right: 5% !important;padding-bottom: 5% !important;padding-left: 5% !important;background-color: #ffffff !important;}&#8221; z_index=&#8221;&#8221;][vc_column][vc_column_text]<\/p>\n<h2 class=\"product-detail__title cc_cursor\" style=\"text-align: center;\">DESCONTAMINACI\u00d3N DE PERSONAS<\/h2>\n<p>[\/vc_column_text][vc_separator type=&#8221;small&#8221; position=&#8221;center&#8221; color=&#8221;#dd3333&#8243; up=&#8221;20&#8243;]<div class=\"woocommerce columns-3 \"><ul class=\"products\">\n\t<li class=\"product type-product post-741 status-publish first instock product_cat-descontaminacion-de-personas has-post-thumbnail shipping-taxable product-type-simple\">\n\t\t\n    <div class=\"top-product-section\">\n\n        <a itemprop=\"url\" href=\"https:\/\/cristanini.com.co\/index.php\/product\/bx-29-producto-descontaminante-para-las-personas\/\" class=\"product-category\">\n            <span class=\"image-wrapper\">\n                        <\/span>\n        <\/a>\n\n\t\t<span class=\"add-to-cart-button-outer\"><span class=\"add-to-cart-button-inner\"><a href=\"https:\/\/cristanini.com.co\/index.php\/product\/bx-29-producto-descontaminante-para-las-personas\/\" data-quantity=\"1\" class=\"button product_type_simple qbutton add-to-cart-button\" data-product_id=\"741\" data-product_sku=\"\" aria-label=\"Lee m\u00e1s sobre &ldquo;BX 29 - PRODUCTO DESCONTAMINANTE PARA LAS PERSONAS&rdquo;\" rel=\"nofollow\">M\u00e1s informaci\u00f3n<\/a><\/span><\/span>\n    <\/div>\n        <a itemprop=\"url\" href=\"https:\/\/cristanini.com.co\/index.php\/product\/bx-29-producto-descontaminante-para-las-personas\/\" class=\"product-category product-info\">\n        <h6 itemprop=\"name\">BX 29 &#8211; PRODUCTO DESCONTAMINANTE PARA LAS PERSONAS<\/h6>\n\n                    <div class=\"separator after-title-spearator small center\"><\/div>\n        \n        \n    <\/a>\n\n    \n<\/li>\n\t<li class=\"product type-product post-749 status-publish instock product_cat-descontaminacion-de-personas has-post-thumbnail shipping-taxable product-type-simple\">\n\t\t\n    <div class=\"top-product-section\">\n\n        <a itemprop=\"url\" href=\"https:\/\/cristanini.com.co\/index.php\/product\/estacion-inflable-multi-uso-para-la-descontaminacion-y-detoxificacion\/\" class=\"product-category\">\n            <span class=\"image-wrapper\">\n                        <\/span>\n        <\/a>\n\n\t\t<span class=\"add-to-cart-button-outer\"><span class=\"add-to-cart-button-inner\"><a href=\"https:\/\/cristanini.com.co\/index.php\/product\/estacion-inflable-multi-uso-para-la-descontaminacion-y-detoxificacion\/\" data-quantity=\"1\" class=\"button product_type_simple qbutton add-to-cart-button\" data-product_id=\"749\" data-product_sku=\"\" aria-label=\"Lee m\u00e1s sobre &ldquo;ESTACI\u00d3N INFLABLE MULTI-USO PARA LA DESCONTAMINACI\u00d3N Y DETOXIFICACI\u00d3N&rdquo;\" rel=\"nofollow\">M\u00e1s informaci\u00f3n<\/a><\/span><\/span>\n    <\/div>\n        <a itemprop=\"url\" href=\"https:\/\/cristanini.com.co\/index.php\/product\/estacion-inflable-multi-uso-para-la-descontaminacion-y-detoxificacion\/\" class=\"product-category product-info\">\n        <h6 itemprop=\"name\">ESTACI\u00d3N INFLABLE MULTI-USO PARA LA DESCONTAMINACI\u00d3N Y DETOXIFICACI\u00d3N<\/h6>\n\n                    <div class=\"separator after-title-spearator small center\"><\/div>\n        \n        \n    <\/a>\n\n    \n<\/li>\n\t<li class=\"product type-product post-753 status-publish last instock product_cat-descontaminacion-de-personas has-post-thumbnail shipping-taxable product-type-simple\">\n\t\t\n    <div class=\"top-product-section\">\n\n        <a itemprop=\"url\" href=\"https:\/\/cristanini.com.co\/index.php\/product\/estacion-inflable-multi-uso-para-la-descontaminacion-y-la-detoxificacion\/\" class=\"product-category\">\n            <span class=\"image-wrapper\">\n                        <\/span>\n        <\/a>\n\n\t\t<span class=\"add-to-cart-button-outer\"><span class=\"add-to-cart-button-inner\"><a href=\"https:\/\/cristanini.com.co\/index.php\/product\/estacion-inflable-multi-uso-para-la-descontaminacion-y-la-detoxificacion\/\" data-quantity=\"1\" class=\"button product_type_simple qbutton add-to-cart-button\" data-product_id=\"753\" data-product_sku=\"\" aria-label=\"Lee m\u00e1s sobre &ldquo;ESTACI\u00d3N INFLABLE MULTI-USO PARA LA DESCONTAMINACI\u00d3N Y LA DETOXIFICACI\u00d3N&rdquo;\" rel=\"nofollow\">M\u00e1s informaci\u00f3n<\/a><\/span><\/span>\n    <\/div>\n        <a itemprop=\"url\" href=\"https:\/\/cristanini.com.co\/index.php\/product\/estacion-inflable-multi-uso-para-la-descontaminacion-y-la-detoxificacion\/\" class=\"product-category product-info\">\n        <h6 itemprop=\"name\">ESTACI\u00d3N INFLABLE MULTI-USO PARA LA DESCONTAMINACI\u00d3N Y LA DETOXIFICACI\u00d3N<\/h6>\n\n                    <div class=\"separator after-title-spearator small center\"><\/div>\n        \n        \n    <\/a>\n\n    \n<\/li>\n\t<li class=\"product type-product post-778 status-publish first instock product_cat-descontaminacion-de-personas has-post-thumbnail shipping-taxable product-type-simple\">\n\t\t\n    <div class=\"top-product-section\">\n\n        <a itemprop=\"url\" href=\"https:\/\/cristanini.com.co\/index.php\/product\/sam-125-m\/\" class=\"product-category\">\n            <span class=\"image-wrapper\">\n                        <\/span>\n        <\/a>\n\n\t\t<span class=\"add-to-cart-button-outer\"><span class=\"add-to-cart-button-inner\"><a href=\"https:\/\/cristanini.com.co\/index.php\/product\/sam-125-m\/\" data-quantity=\"1\" class=\"button product_type_simple qbutton add-to-cart-button\" data-product_id=\"778\" data-product_sku=\"\" aria-label=\"Lee m\u00e1s sobre &ldquo;SAM 125 M&rdquo;\" rel=\"nofollow\">M\u00e1s informaci\u00f3n<\/a><\/span><\/span>\n    <\/div>\n        <a itemprop=\"url\" href=\"https:\/\/cristanini.com.co\/index.php\/product\/sam-125-m\/\" class=\"product-category product-info\">\n        <h6 itemprop=\"name\">SAM 125 M<\/h6>\n\n                    <div class=\"separator after-title-spearator small center\"><\/div>\n        \n        \n    <\/a>\n\n    \n<\/li>\n\t<li class=\"product type-product post-776 status-publish instock product_cat-descontaminacion-de-personas has-post-thumbnail shipping-taxable product-type-simple\">\n\t\t\n    <div class=\"top-product-section\">\n\n        <a itemprop=\"url\" href=\"https:\/\/cristanini.com.co\/index.php\/product\/tienda-ducha-inflable\/\" class=\"product-category\">\n            <span class=\"image-wrapper\">\n                        <\/span>\n        <\/a>\n\n\t\t<span class=\"add-to-cart-button-outer\"><span class=\"add-to-cart-button-inner\"><a href=\"https:\/\/cristanini.com.co\/index.php\/product\/tienda-ducha-inflable\/\" data-quantity=\"1\" class=\"button product_type_simple qbutton add-to-cart-button\" data-product_id=\"776\" data-product_sku=\"\" aria-label=\"Lee m\u00e1s sobre &ldquo;TIENDA DUCHA INFLABLE&rdquo;\" rel=\"nofollow\">M\u00e1s informaci\u00f3n<\/a><\/span><\/span>\n    <\/div>\n        <a itemprop=\"url\" href=\"https:\/\/cristanini.com.co\/index.php\/product\/tienda-ducha-inflable\/\" class=\"product-category product-info\">\n        <h6 itemprop=\"name\">TIENDA DUCHA INFLABLE<\/h6>\n\n                    <div class=\"separator after-title-spearator small center\"><\/div>\n        \n        \n    <\/a>\n\n    \n<\/li>\n\t<li class=\"product type-product post-786 status-publish last instock product_cat-descontaminacion-de-personas has-post-thumbnail shipping-taxable product-type-simple\">\n\t\t\n    <div class=\"top-product-section\">\n\n        <a itemprop=\"url\" href=\"https:\/\/cristanini.com.co\/index.php\/product\/tsdm-tactical-steam-decon-module\/\" class=\"product-category\">\n            <span class=\"image-wrapper\">\n                        <\/span>\n        <\/a>\n\n\t\t<span class=\"add-to-cart-button-outer\"><span class=\"add-to-cart-button-inner\"><a href=\"https:\/\/cristanini.com.co\/index.php\/product\/tsdm-tactical-steam-decon-module\/\" data-quantity=\"1\" class=\"button product_type_simple qbutton add-to-cart-button\" data-product_id=\"786\" data-product_sku=\"\" aria-label=\"Lee m\u00e1s sobre &ldquo;TSDM - TACTICAL STEAM DECON MODULE&rdquo;\" rel=\"nofollow\">M\u00e1s informaci\u00f3n<\/a><\/span><\/span>\n    <\/div>\n        <a itemprop=\"url\" href=\"https:\/\/cristanini.com.co\/index.php\/product\/tsdm-tactical-steam-decon-module\/\" class=\"product-category product-info\">\n        <h6 itemprop=\"name\">TSDM &#8211; TACTICAL STEAM DECON MODULE<\/h6>\n\n                    <div class=\"separator after-title-spearator small center\"><\/div>\n        \n        \n    <\/a>\n\n    \n<\/li><\/ul>\n<\/div>[\/vc_column][\/vc_row]<\/p>\n","protected":false},"excerpt":{"rendered":"<p>[vc_row css_animation=&#8221;&#8221; row_type=&#8221;row&#8221; use_row_as_full_screen_section=&#8221;yes&#8221; type=&#8221;full_width&#8221; angled_section=&#8221;no&#8221; text_align=&#8221;left&#8221; background_image_as_pattern=&#8221;without_pattern&#8221; css=&#8221;.vc_custom_1598711503089{padding-top: 5% !important;padding-right: 5% !important;padding-bottom: 5% !important;padding-left: 5% !important;background-color: #ffffff !important;}&#8221; z_index=&#8221;&#8221;][vc_column][vc_column_text] DESCONTAMINACI\u00d3N DE PERSONAS [\/vc_column_text][vc_separator type=&#8221;small&#8221; position=&#8221;center&#8221; color=&#8221;#dd3333&#8243; up=&#8221;20&#8243;][\/vc_column][\/vc_row]<\/p>\n","protected":false},"author":1,"featured_media":0,"parent":0,"menu_order":0,"comment_status":"closed","ping_status":"closed","template":"","meta":[],"_links":{"self":[{"href":"https:\/\/cristanini.com.co\/index.php\/wp-json\/wp\/v2\/pages\/738"}],"collection":[{"href":"https:\/\/cristanini.com.co\/index.php\/wp-json\/wp\/v2\/pages"}],"about":[{"href":"https:\/\/cristanini.com.co\/index.php\/wp-json\/wp\/v2\/types\/page"}],"author":[{"embeddable":true,"href":"https:\/\/cristanini.com.co\/index.php\/wp-json\/wp\/v2\/users\/1"}],"replies":[{"embeddable":true,"href":"https:\/\/cristanini.com.co\/index.php\/wp-json\/wp\/v2\/comments?post=738"}],"version-history":[{"count":5,"href":"https:\/\/cristanini.com.co\/index.php\/wp-json\/wp\/v2\/pages\/738\/revisions"}],"predecessor-version":[{"id":744,"href":"https:\/\/cristanini.com.co\/index.php\/wp-json\/wp\/v2\/pages\/738\/revisions\/744"}],"wp:attachment":[{"href":"https:\/\/cristanini.com.co\/index.php\/wp-json\/wp\/v2\/media?parent=738"}],"curies":[{"name":"wp","href":"https:\/\/api.w.org\/{rel}","templated":true}]}}