{"id":595,"date":"2020-08-31T16:43:27","date_gmt":"2020-08-31T16:43:27","guid":{"rendered":"http:\/\/cristanini.com.co\/nuevositio\/?page_id=595"},"modified":"2020-09-15T19:33:44","modified_gmt":"2020-09-15T19:33:44","slug":"sistemas-de-descontaminacion-cbrn","status":"publish","type":"page","link":"https:\/\/cristanini.com.co\/index.php\/sistemas-de-descontaminacion-cbrn\/","title":{"rendered":"SISTEMAS DE DESCONTAMINACI\u00d3N CBRN"},"content":{"rendered":"<p>[vc_row css_animation=&#8221;&#8221; row_type=&#8221;row&#8221; use_row_as_full_screen_section=&#8221;no&#8221; type=&#8221;grid&#8221; angled_section=&#8221;no&#8221; text_align=&#8221;left&#8221; background_image_as_pattern=&#8221;without_pattern&#8221; z_index=&#8221;&#8221; padding_top=&#8221;40&#8243; padding_bottom=&#8221;20&#8243; css=&#8221;.vc_custom_1598461189077{background-color: #ffffff !important;}&#8221;][vc_column]<div class='q_icon_with_title large custom_icon_image center '><div class=\"icon_holder \" style=\" \"><img itemprop=\"image\" style=\"\" src=\"https:\/\/cristanini.com.co\/wp-content\/uploads\/2018\/01\/services-custom-icon-4.png\" alt=\"\"><\/div><div class=\"icon_text_holder\" style=\"\"><div class=\"icon_text_inner\" style=\"\"><h3 class=\"icon_title\" style=\"\"><\/h3><p style='color: #0f0f28'><\/p><\/div><\/div><\/div>[vc_column_text]<\/p>\n<h2 class=\"w3ls_head\" style=\"text-align: center;\">DESCONTAMINACI\u00d3N CBRN<\/h2>\n<p>[\/vc_column_text][\/vc_column][\/vc_row][vc_row css_animation=&#8221;&#8221; row_type=&#8221;row&#8221; use_row_as_full_screen_section=&#8221;no&#8221; type=&#8221;full_width&#8221; angled_section=&#8221;no&#8221; text_align=&#8221;left&#8221; background_image_as_pattern=&#8221;without_pattern&#8221; z_index=&#8221;&#8221; padding_top=&#8221;50&#8243; padding_bottom=&#8221;50&#8243; css=&#8221;.vc_custom_1598893986472{padding-right: 5% !important;padding-left: 5% !important;background: #ffffff url(https:\/\/cristanini.com.co\/wp-content\/uploads\/2020\/08\/2.png?id=369) !important;background-position: center !important;background-repeat: no-repeat !important;background-size: cover !important;}&#8221; side_padding=&#8221;5%&#8221;][vc_column width=&#8221;1\/5&#8243; css=&#8221;.vc_custom_1598477663629{padding-top: 5% !important;padding-right: 5% !important;padding-bottom: 5% !important;padding-left: 5% !important;background-color: rgba(0,0,0,0.62) !important;*background-color: rgb(0,0,0) !important;border-radius: 15px !important;}&#8221;][vc_single_image image=&#8221;599&#8243; img_size=&#8221;full&#8221; add_caption=&#8221;yes&#8221; alignment=&#8221;center&#8221; style=&#8221;vc_box_shadow_3d&#8221; onclick=&#8221;custom_link&#8221; qode_css_animation=&#8221;&#8221; qode_hover_animation=&#8221;zoom_in&#8221; link=&#8221;https:\/\/cristanini.com.co\/index.php\/descontaminacion-de-superficies-sensibles-y-grandes-volumenes\/&#8221;][vc_column_text]<\/p>\n<h3 style=\"text-align: center;\"><a href=\"https:\/\/cristanini.com.co\/index.php\/descontaminacion-de-superficies-sensibles-y-grandes-volumenes\/\"><span style=\"color: #ffffff;\">DESCONTAMINACI\u00d3N DE SUPERFICIES SENSIBLES Y GRANDES VOL\u00daMENES<\/span><\/a><\/h3>\n<p>[\/vc_column_text][vc_separator type=&#8221;transparent&#8221; down=&#8221;10&#8243;][\/vc_column][vc_column width=&#8221;1\/5&#8243; css=&#8221;.vc_custom_1598477927332{padding-top: 5% !important;padding-right: 5% !important;padding-bottom: 5% !important;padding-left: 5% !important;background-color: rgba(0,0,0,0.61) !important;*background-color: rgb(0,0,0) !important;border-radius: 15px !important;}&#8221;][vc_single_image image=&#8221;600&#8243; img_size=&#8221;full&#8221; add_caption=&#8221;yes&#8221; alignment=&#8221;center&#8221; style=&#8221;vc_box_shadow_3d&#8221; onclick=&#8221;custom_link&#8221; qode_css_animation=&#8221;&#8221; qode_hover_animation=&#8221;zoom_in&#8221; link=&#8221;https:\/\/cristanini.com.co\/index.php\/descontaminacion-de-vehiculos-materiales-terrenos-plataformas-y-aviones\/&#8221;][vc_column_text]<\/p>\n<h3 style=\"text-align: center;\"><a href=\"https:\/\/cristanini.com.co\/index.php\/descontaminacion-de-vehiculos-materiales-terrenos-plataformas-y-aviones\/\"><span style=\"color: #ffffff;\">DESCONTAMINACI\u00d3N DE VEH\u00cdCULOS, MATERIALES, TERRENOS, PLATAFORMAS Y AVIONES<\/span><\/a><\/h3>\n<p>[\/vc_column_text][\/vc_column][vc_column width=&#8221;1\/5&#8243; css=&#8221;.vc_custom_1598477933985{padding-top: 5% !important;padding-right: 5% !important;padding-bottom: 5% !important;padding-left: 5% !important;background-color: rgba(0,0,0,0.62) !important;*background-color: rgb(0,0,0) !important;border-radius: 15px !important;}&#8221;][vc_single_image image=&#8221;601&#8243; img_size=&#8221;full&#8221; add_caption=&#8221;yes&#8221; alignment=&#8221;center&#8221; style=&#8221;vc_box_shadow_3d&#8221; onclick=&#8221;custom_link&#8221; qode_css_animation=&#8221;&#8221; qode_hover_animation=&#8221;zoom_in&#8221; link=&#8221;https:\/\/cristanini.com.co\/index.php\/descontaminacion-de-personas\/&#8221;][vc_column_text]<\/p>\n<h3 style=\"text-align: center;\"><a style=\"color: #ffffff;\" href=\"https:\/\/cristanini.com.co\/index.php\/descontaminacion-de-personas\/\">DESCONTAMINACI\u00d3N <\/a><\/h3>\n<h3 style=\"text-align: center;\"><a style=\"color: #ffffff;\" href=\"https:\/\/cristanini.com.co\/index.php\/descontaminacion-de-personas\/\">DE PERSONAS<\/a><\/h3>\n<p>[\/vc_column_text][vc_separator type=&#8221;transparent&#8221; down=&#8221;35&#8243;][\/vc_column][vc_column width=&#8221;1\/5&#8243; css=&#8221;.vc_custom_1598477940454{padding-top: 5% !important;padding-right: 5% !important;padding-bottom: 5% !important;padding-left: 5% !important;background-color: rgba(0,0,0,0.62) !important;*background-color: rgb(0,0,0) !important;border-radius: 15px !important;}&#8221;][vc_single_image image=&#8221;602&#8243; img_size=&#8221;full&#8221; add_caption=&#8221;yes&#8221; alignment=&#8221;center&#8221; style=&#8221;vc_box_shadow_3d&#8221; onclick=&#8221;custom_link&#8221; qode_css_animation=&#8221;&#8221; qode_hover_animation=&#8221;zoom_in&#8221; link=&#8221;https:\/\/cristanini.com.co\/index.php\/laboratorios-moviles-cbrn-y-vehiculos-de-identificacion-y-reconocimiento\/&#8221;][vc_column_text]<\/p>\n<h3 style=\"text-align: center;\"><a style=\"color: #ffffff;\" href=\"https:\/\/cristanini.com.co\/index.php\/laboratorios-moviles-cbrn-y-vehiculos-de-identificacion-y-reconocimiento\/\">LABORATORIOS M\u00d3VILES NBQR Y VEH\u00cdCULOS DE IDENTIFICACI\u00d3N Y RECONOCIMIENTO<br \/>\n<\/a><\/h3>\n<p>[\/vc_column_text][vc_separator type=&#8221;transparent&#8221; down=&#8221;10&#8243;][\/vc_column][vc_column width=&#8221;1\/5&#8243; css=&#8221;.vc_custom_1599864173159{padding-top: 5% !important;padding-right: 5% !important;padding-bottom: 5% !important;padding-left: 5% !important;background-color: rgba(0,0,0,0.62) !important;*background-color: rgb(0,0,0) !important;border-radius: 15px !important;}&#8221;][vc_single_image image=&#8221;977&#8243; img_size=&#8221;full&#8221; add_caption=&#8221;yes&#8221; alignment=&#8221;center&#8221; style=&#8221;vc_box_shadow_3d&#8221; onclick=&#8221;custom_link&#8221; qode_css_animation=&#8221;&#8221; qode_hover_animation=&#8221;zoom_in&#8221; link=&#8221;https:\/\/cristanini.com.co\/index.php\/agentes-descontaminantes\/&#8221;][vc_column_text]<\/p>\n<h3 style=\"text-align: center;\"><a style=\"color: #ffffff;\" href=\"https:\/\/cristanini.com.co\/index.php\/agentes-descontaminantes\/\">AGENTES <\/a><\/h3>\n<h3 style=\"text-align: center;\"><a style=\"color: #ffffff;\" href=\"https:\/\/cristanini.com.co\/index.php\/agentes-descontaminantes\/\">DESCONTAMINANTES<br \/>\n<\/a><\/h3>\n<p>[\/vc_column_text][vc_separator type=&#8221;transparent&#8221; down=&#8221;28&#8243;][\/vc_column][\/vc_row]<\/p>\n","protected":false},"excerpt":{"rendered":"<p>[vc_row css_animation=&#8221;&#8221; row_type=&#8221;row&#8221; use_row_as_full_screen_section=&#8221;no&#8221; type=&#8221;grid&#8221; angled_section=&#8221;no&#8221; text_align=&#8221;left&#8221; background_image_as_pattern=&#8221;without_pattern&#8221; z_index=&#8221;&#8221; padding_top=&#8221;40&#8243; padding_bottom=&#8221;20&#8243; css=&#8221;.vc_custom_1598461189077{background-color: #ffffff !important;}&#8221;][vc_column][vc_column_text] DESCONTAMINACI\u00d3N CBRN [\/vc_column_text][\/vc_column][\/vc_row][vc_row css_animation=&#8221;&#8221; row_type=&#8221;row&#8221; use_row_as_full_screen_section=&#8221;no&#8221; type=&#8221;full_width&#8221; angled_section=&#8221;no&#8221; text_align=&#8221;left&#8221; background_image_as_pattern=&#8221;without_pattern&#8221; z_index=&#8221;&#8221; padding_top=&#8221;50&#8243; padding_bottom=&#8221;50&#8243; css=&#8221;.vc_custom_1598893986472{padding-right: 5% !important;padding-left: 5% !important;background: #ffffff url(https:\/\/cristanini.com.co\/wp-content\/uploads\/2020\/08\/2.png?id=369) !important;background-position: center !important;background-repeat: no-repeat !important;background-size: cover !important;}&#8221; side_padding=&#8221;5%&#8221;][vc_column width=&#8221;1\/5&#8243; css=&#8221;.vc_custom_1598477663629{padding-top: 5%&#8230;<\/p>\n","protected":false},"author":1,"featured_media":0,"parent":0,"menu_order":0,"comment_status":"closed","ping_status":"closed","template":"full_width.php","meta":[],"_links":{"self":[{"href":"https:\/\/cristanini.com.co\/index.php\/wp-json\/wp\/v2\/pages\/595"}],"collection":[{"href":"https:\/\/cristanini.com.co\/index.php\/wp-json\/wp\/v2\/pages"}],"about":[{"href":"https:\/\/cristanini.com.co\/index.php\/wp-json\/wp\/v2\/types\/page"}],"author":[{"embeddable":true,"href":"https:\/\/cristanini.com.co\/index.php\/wp-json\/wp\/v2\/users\/1"}],"replies":[{"embeddable":true,"href":"https:\/\/cristanini.com.co\/index.php\/wp-json\/wp\/v2\/comments?post=595"}],"version-history":[{"count":24,"href":"https:\/\/cristanini.com.co\/index.php\/wp-json\/wp\/v2\/pages\/595\/revisions"}],"predecessor-version":[{"id":1031,"href":"https:\/\/cristanini.com.co\/index.php\/wp-json\/wp\/v2\/pages\/595\/revisions\/1031"}],"wp:attachment":[{"href":"https:\/\/cristanini.com.co\/index.php\/wp-json\/wp\/v2\/media?parent=595"}],"curies":[{"name":"wp","href":"https:\/\/api.w.org\/{rel}","templated":true}]}}