{"id":556,"date":"2020-08-31T13:44:49","date_gmt":"2020-08-31T13:44:49","guid":{"rendered":"http:\/\/cristanini.com.co\/nuevositio\/?page_id=556"},"modified":"2020-09-15T19:30:36","modified_gmt":"2020-09-15T19:30:36","slug":"lucha-contra-el-fuego","status":"publish","type":"page","link":"https:\/\/cristanini.com.co\/index.php\/lucha-contra-el-fuego\/","title":{"rendered":"LUCHA CONTRA EL FUEGO"},"content":{"rendered":"<p>[vc_row css_animation=&#8221;&#8221; row_type=&#8221;row&#8221; use_row_as_full_screen_section=&#8221;no&#8221; type=&#8221;grid&#8221; angled_section=&#8221;no&#8221; text_align=&#8221;left&#8221; background_image_as_pattern=&#8221;without_pattern&#8221; z_index=&#8221;&#8221; padding_top=&#8221;40&#8243; padding_bottom=&#8221;20&#8243; css=&#8221;.vc_custom_1598461189077{background-color: #ffffff !important;}&#8221;][vc_column]<div class='q_icon_with_title large custom_icon_image center '><div class=\"icon_holder \" style=\" \"><img itemprop=\"image\" style=\"\" src=\"https:\/\/cristanini.com.co\/wp-content\/uploads\/2020\/08\/Copia-de-Sin-t\u00edtulo.png\" alt=\"\"><\/div><div class=\"icon_text_holder\" style=\"\"><div class=\"icon_text_inner\" style=\"\"><h3 class=\"icon_title\" style=\"\"><\/h3><p style='color: #0f0f28'><\/p><\/div><\/div><\/div>[vc_column_text]<\/p>\n<h2 class=\"title title--section uppercase cc_cursor\" style=\"text-align: center;\">LUCHA CONTRA EL FUEGO<\/h2>\n<p>[\/vc_column_text][\/vc_column][\/vc_row][vc_row css_animation=&#8221;&#8221; row_type=&#8221;row&#8221; use_row_as_full_screen_section=&#8221;yes&#8221; type=&#8221;full_width&#8221; angled_section=&#8221;no&#8221; text_align=&#8221;left&#8221; background_image_as_pattern=&#8221;without_pattern&#8221; css=&#8221;.vc_custom_1598711503089{padding-top: 5% !important;padding-right: 5% !important;padding-bottom: 5% !important;padding-left: 5% !important;background-color: #ffffff !important;}&#8221; z_index=&#8221;&#8221;][vc_column width=&#8221;1\/2&#8243;][vc_single_image image=&#8221;561&#8243; img_size=&#8221;medium&#8221; alignment=&#8221;center&#8221; onclick=&#8221;link_image&#8221; qode_css_animation=&#8221;&#8221;][vc_separator type=&#8221;normal&#8221; color=&#8221;#dd3333&#8243; up=&#8221;80&#8243;][vc_column_text]<\/p>\n<h2 class=\"product-detail__title\" style=\"text-align: center;\">WJ.FE 300<\/h2>\n<p>[\/vc_column_text][vc_separator type=&#8221;transparent&#8221;]<div class=\"qode-accordion-holder clearfix qode-toggle qode-initial \">\n\t<h3 class=\"clearfix qode-title-holder\">\n<span class=\"qode-tab-title\">\n\t\t\t<span class=\"qode-tab-title-icon\">\n\t\t\t<i class=\"qode_icon_font_awesome fa fa-arrow-down \" ><\/i>\t\t<\/span>\n\t    <span class=\"qode-tab-title-inner\">\n        VER DETALLE    <\/span>\n<\/span>\n<span class=\"qode-accordion-mark\">\n    <span class=\"qode-accordion-mark-icon\">\n        <span class=\"icon_plus\"><\/span>\n        <span class=\"icon_minus-06\"><\/span>\n    <\/span>\n<\/span>\n<\/h3>\n<div  class=\"qode-accordion-content qode-acc-title-with-icon\" style=\"padding: 5PX 5PX 5PX 5PX\">\n    <div class=\"qode-accordion-content-inner\">\n        [vc_column_text]<\/p>\n<p style=\"text-align: justify;\"><u>WJFE 300<\/u>\u00a0es un revolucionario sistema de perforaci\u00f3n y de primera intervenci\u00f3n en la lucha contra los incendios en ambientes cerrados. Utiliza una lanza patentada con un sistema espec\u00edfico de mezclado de abrasivo y agua en la misma lanza, fruto de la m\u00e1s avanzada y sofisticada ingenier\u00eda.<\/p>\n<p style=\"text-align: justify;\"><u>WJFE 300\u00a0<\/u>es un eficaz instrumiento para perforar\/cortar todo \u00a0tipo de materiales: madera, acero, pl\u00e1stico, cristal, cemento, etc.<\/p>\n<p style=\"text-align: justify;\">Finalizada la perforaci\u00f3n, el agua nebulizada a 350 bar (water mist) desde la boquilla espec\u00edfica, hace que la niebla de agua producida se transforme instant\u00e1neamente en vapor, aumentando \u00a0su volumen aproximadamente 1700 veces, \u00a0saturando el ambiente y quitando ox\u00edgeno a las llamas, que de esta manera se reducen y disminuyen tambi\u00e9n la temperatura.<\/p>\n<p>&nbsp;<\/p>\n<a  itemprop=\"url\" href=\"https:\/\/cristanini.com.co\/descargas\/FD-437-WJFE-SP_21_01.pdf\" target=\"_blank\" data-hover-background-color='#a30a0a' data-hover-color='#ffffff' class=\"qbutton  big_large center default\" style=\"color: #ffffff; border-color: #0a0909; font-style: normal; background-color: #ff0000;\">DESCARGAR PDF<i class=\"qode_icon_font_awesome fa fa-download qode_button_icon_element\" style=\"color: #ffffff;\" ><\/i><\/a>\n<p>&nbsp;<\/p>\n<p>&nbsp;<\/p>\n<p>[\/vc_column_text][vc_row_inner row_type=&#8221;row&#8221; type=&#8221;full_width&#8221; text_align=&#8221;left&#8221; css_animation=&#8221;&#8221; css=&#8221;.vc_custom_1598890792407{margin-bottom: 5% !important;}&#8221;][vc_column_inner width=&#8221;1\/2&#8243;][vc_video link=&#8221;https:\/\/youtu.be\/YWGRphut9jY&#8221;][vc_column_text]<\/p>\n<p style=\"text-align: center;\"><span class=\"product-video--title\">CRISTANINI &#8211; WJFE 300 &#8211; WATER JET STEEL CUTTER AND FIRE ESTINGUISHER SYSTEM<\/span><\/p>\n<p>[\/vc_column_text][\/vc_column_inner][vc_column_inner width=&#8221;1\/2&#8243;][vc_video link=&#8221;https:\/\/youtu.be\/Ws7GE-ikYFY&#8221;][vc_column_text]<\/p>\n<p style=\"text-align: center;\"><span class=\"product-video--title\">WJ.FE 300 &#8211; WATER JET STEEL CUTTER AND FIRE ESTINGUISHER SYSTEM<\/span><\/p>\n<p>[\/vc_column_text][\/vc_column_inner][\/vc_row_inner][vc_row_inner row_type=&#8221;row&#8221; type=&#8221;full_width&#8221; text_align=&#8221;left&#8221; css_animation=&#8221;&#8221; css=&#8221;.vc_custom_1598890799022{margin-bottom: 5% !important;}&#8221;][vc_column_inner width=&#8221;1\/2&#8243;][vc_video link=&#8221;https:\/\/youtu.be\/dgLIIgb5axU&#8221;][vc_column_text]<\/p>\n<p style=\"text-align: center;\"><span class=\"product-video--title\">WJ.FE 300 MODULAR<\/span><\/p>\n<p>[\/vc_column_text][\/vc_column_inner][vc_column_inner width=&#8221;1\/2&#8243;][vc_video link=&#8221;https:\/\/youtu.be\/UfJ725U4CEU&#8221;][vc_column_text]<\/p>\n<p style=\"text-align: center;\"><span class=\"product-video--title\">WJFE 300 &#8211; WATER JET STEEL CUTTER &#8211; 10\/06\/2016<\/span><\/p>\n<p>[\/vc_column_text][\/vc_column_inner][\/vc_row_inner][vc_row_inner row_type=&#8221;row&#8221; type=&#8221;full_width&#8221; text_align=&#8221;left&#8221; css_animation=&#8221;&#8221; css=&#8221;.vc_custom_1598890806926{margin-bottom: 5% !important;}&#8221;][vc_column_inner width=&#8221;1\/2&#8243;][vc_video link=&#8221;https:\/\/youtu.be\/Ws7GE-ikYFY&#8221;][vc_column_text]<\/p>\n<p style=\"text-align: center;\"><span class=\"product-video--title\">WJFE 300 &#8211; WATER JET STEEL CUTTER AND FIRE ESTINGUISHER SYSTEM (TEST BELGIO)<\/span><\/p>\n<p>[\/vc_column_text][\/vc_column_inner][vc_column_inner width=&#8221;1\/2&#8243;][vc_video link=&#8221;https:\/\/youtu.be\/dgLIIgb5axU&#8221;][vc_column_text]<\/p>\n<p style=\"text-align: center;\"><span class=\"product-video--title\">WJFE 300 MODULAR &#8211; WATER JET STEEL CUTTER SYSTEM &#8211; PERFORATION ON EVERY TYPE OF MATERIALS<\/span><\/p>\n<p>[\/vc_column_text][\/vc_column_inner][\/vc_row_inner][vc_row_inner row_type=&#8221;row&#8221; type=&#8221;full_width&#8221; text_align=&#8221;left&#8221; css_animation=&#8221;&#8221;][vc_column_inner width=&#8221;1\/2&#8243;][vc_video link=&#8221;https:\/\/youtu.be\/cOwv5mB9Yd4&#8243;][vc_column_text]<\/p>\n<p style=\"text-align: center;\"><span class=\"product-video--title\">WJFE 300 WATER JET STEEL CUTTER SYSTEM<\/span><\/p>\n<p>[\/vc_column_text][\/vc_column_inner][vc_column_inner width=&#8221;1\/2&#8243;][\/vc_column_inner][\/vc_row_inner]    <\/div>\n<\/div><\/div>[\/vc_column][vc_column width=&#8221;1\/2&#8243;][vc_single_image image=&#8221;567&#8243; img_size=&#8221;medium&#8221; alignment=&#8221;center&#8221; onclick=&#8221;link_image&#8221; qode_css_animation=&#8221;&#8221;][vc_separator type=&#8221;normal&#8221; color=&#8221;#dd3333&#8243; up=&#8221;35&#8243;][vc_column_text]<\/p>\n<h2 style=\"text-align: center;\">FIRESTOP 200\/30<\/h2>\n<p>[\/vc_column_text][vc_separator type=&#8221;transparent&#8221;]<div class=\"qode-accordion-holder clearfix qode-toggle qode-initial \">\n\t<h3 class=\"clearfix qode-title-holder\">\n<span class=\"qode-tab-title\">\n\t\t\t<span class=\"qode-tab-title-icon\">\n\t\t\t<i class=\"qode_icon_font_awesome fa fa-arrow-down \" ><\/i>\t\t<\/span>\n\t    <span class=\"qode-tab-title-inner\">\n        VER DETALLE    <\/span>\n<\/span>\n<span class=\"qode-accordion-mark\">\n    <span class=\"qode-accordion-mark-icon\">\n        <span class=\"icon_plus\"><\/span>\n        <span class=\"icon_minus-06\"><\/span>\n    <\/span>\n<\/span>\n<\/h3>\n<div  class=\"qode-accordion-content qode-acc-title-with-icon\" style=\"padding: 5PX 5PX 5PX 5PX\">\n    <div class=\"qode-accordion-content-inner\">\n        [vc_column_text]<\/p>\n<p style=\"text-align: justify;\">SISTEMA DE ALTA TECNOLOG\u00cdA DE PRIMER ATAQUE CONTRA EL FUEGO CON AGUA A ALTA PRESI\u00d3N, NEBULIZADA (WATER MIST)<\/p>\n<p style=\"text-align: justify;\"><u>FIRE STOP 200\/30\u00a0<\/u>es la respuesta m\u00e1s r\u00e1pida para la primera intervenci\u00f3n en los incendios tanto en los centros urbanos (cascos \u00a0hist\u00f3ricos, zonas de gran tr\u00e1fico), como en todas las zonas de dif\u00edcil acceso,\u00a0 donde son indispensables m\u00e1quinas de dimensiones reducidas.<\/p>\n<p style=\"text-align: justify;\">Gracias a su tama\u00f1o compacto, el\u00a0<u>FIRE STOP 200\/30\u00a0<\/u>es ideal para instalarse\u00a0 a bordo de veh\u00edculos peque\u00f1os, y en embarcaciones de cualquier tipo.<\/p>\n<p>&nbsp;<\/p>\n<a  itemprop=\"url\" href=\"https:\/\/cristanini.com.co\/descargas\/FD-907-ES_07.09.2016.pdf\" target=\"_blank\" data-hover-background-color='#a30a0a' data-hover-color='#ffffff' class=\"qbutton  big_large center default\" style=\"color: #ffffff; border-color: #0a0909; font-style: normal; background-color: #ff0000;\">DESCARGAR PDF<i class=\"qode_icon_font_awesome fa fa-download qode_button_icon_element\" style=\"color: #ffffff;\" ><\/i><\/a>\n<p>&nbsp;<\/p>\n<p>[vc_video link=&#8217;https:\/\/youtu.be\/YQX2-9_doU0&#8242;][\/vc_column_text]    <\/div>\n<\/div><\/div>[\/vc_column][\/vc_row][vc_row css_animation=&#8221;&#8221; row_type=&#8221;row&#8221; use_row_as_full_screen_section=&#8221;yes&#8221; type=&#8221;full_width&#8221; angled_section=&#8221;no&#8221; text_align=&#8221;left&#8221; background_image_as_pattern=&#8221;without_pattern&#8221; css=&#8221;.vc_custom_1598711503089{padding-top: 5% !important;padding-right: 5% !important;padding-bottom: 5% !important;padding-left: 5% !important;background-color: #ffffff !important;}&#8221; z_index=&#8221;&#8221;][vc_column width=&#8221;1\/3&#8243;][vc_single_image image=&#8221;584&#8243; img_size=&#8221;500&#215;350&#8243; alignment=&#8221;center&#8221; onclick=&#8221;link_image&#8221; qode_css_animation=&#8221;&#8221;][vc_separator type=&#8221;normal&#8221; color=&#8221;#dd3333&#8243; up=&#8221;50&#8243;][vc_column_text]<\/p>\n<h2 class=\"product-detail__title\" style=\"text-align: center;\">SKID V-025 STEAM<\/h2>\n<p>[\/vc_column_text][vc_separator type=&#8221;transparent&#8221; up=&#8221;25&#8243;]<div class=\"qode-accordion-holder clearfix qode-toggle qode-initial \">\n\t<h3 class=\"clearfix qode-title-holder\">\n<span class=\"qode-tab-title\">\n\t\t\t<span class=\"qode-tab-title-icon\">\n\t\t\t<i class=\"qode_icon_font_awesome fa fa-arrow-down \" ><\/i>\t\t<\/span>\n\t    <span class=\"qode-tab-title-inner\">\n        VER DETALLE    <\/span>\n<\/span>\n<span class=\"qode-accordion-mark\">\n    <span class=\"qode-accordion-mark-icon\">\n        <span class=\"icon_plus\"><\/span>\n        <span class=\"icon_minus-06\"><\/span>\n    <\/span>\n<\/span>\n<\/h3>\n<div  class=\"qode-accordion-content qode-acc-title-with-icon\" style=\"padding: 5PX 5PX 5PX 5PX\">\n    <div class=\"qode-accordion-content-inner\">\n        [vc_column_text]SISTEMA AUT\u00d3NOMO PARA LA DEGASIFICACI\u00d3N Y ESTERILIZACI\u00d3N<\/p>\n<p>Sistema aut\u00f3nomo para la degasificaci\u00f3n y la esterilizaci\u00f3n de cisternas, dep\u00f3sitos, silos y entornos\u00a0confinados en los que puede haber productos qu\u00edmicos asfixiantes, t\u00f3xicos o inflamables.<\/p>\n<p>&nbsp;<\/p>\n<a  itemprop=\"url\" href=\"https:\/\/cristanini.com.co\/descargas\/FD-407_SP.pdf\" target=\"_blank\" data-hover-background-color='#a30a0a' data-hover-color='#ffffff' class=\"qbutton  big_large center default\" style=\"color: #ffffff; border-color: #0a0909; font-style: normal; background-color: #ff0000;\">DESCARGAR PDF<i class=\"qode_icon_font_awesome fa fa-download qode_button_icon_element\" style=\"color: #ffffff;\" ><\/i><\/a>\n<p>&nbsp;<\/p>\n<p>[vc_video link=&#8217;https:\/\/youtu.be\/WhPNXpA7HIw&#8217;][\/vc_column_text]    <\/div>\n<\/div><\/div>[\/vc_column][vc_column width=&#8221;1\/3&#8243;][vc_single_image image=&#8221;587&#8243; img_size=&#8221;full&#8221; alignment=&#8221;center&#8221; onclick=&#8221;link_image&#8221; qode_css_animation=&#8221;&#8221;][vc_separator type=&#8221;normal&#8221; color=&#8221;#dd3333&#8243; up=&#8221;150&#8243;][vc_column_text]<\/p>\n<h2 style=\"text-align: center;\">MINIFIRESTOP<\/h2>\n<p>[\/vc_column_text][vc_separator type=&#8221;transparent&#8221; up=&#8221;25&#8243;]<div class=\"qode-accordion-holder clearfix qode-toggle qode-initial \">\n\t<h3 class=\"clearfix qode-title-holder\">\n<span class=\"qode-tab-title\">\n\t\t\t<span class=\"qode-tab-title-icon\">\n\t\t\t<i class=\"qode_icon_font_awesome fa fa-arrow-down \" ><\/i>\t\t<\/span>\n\t    <span class=\"qode-tab-title-inner\">\n        VER DETALLE    <\/span>\n<\/span>\n<span class=\"qode-accordion-mark\">\n    <span class=\"qode-accordion-mark-icon\">\n        <span class=\"icon_plus\"><\/span>\n        <span class=\"icon_minus-06\"><\/span>\n    <\/span>\n<\/span>\n<\/h3>\n<div  class=\"qode-accordion-content qode-acc-title-with-icon\" style=\"padding: 5PX 5PX 5PX 5PX\">\n    <div class=\"qode-accordion-content-inner\">\n        [vc_column_text]<\/p>\n<p style=\"text-align: justify;\">SISTEMA AUT\u00d3NOMO PARA LA DEGASIFICACI\u00d3N Y ESTERILIZACI\u00d3N<\/p>\n<p style=\"text-align: justify;\">Sistema aut\u00f3nomo para la degasificaci\u00f3n y la esterilizaci\u00f3n de cisternas, dep\u00f3sitos, silos y entornos\u00a0confinados en los que puede haber productos qu\u00edmicos asfixiantes, t\u00f3xicos o inflamables.<\/p>\n<p>&nbsp;<\/p>\n<a  itemprop=\"url\" href=\"https:\/\/cristanini.com.co\/descargas\/FD-943-MINIFIRESTOP-spa.pdf\" target=\"_blank\" data-hover-background-color='#a30a0a' data-hover-color='#ffffff' class=\"qbutton  big_large center default\" style=\"color: #ffffff; border-color: #0a0909; font-style: normal; background-color: #ff0000;\">DESCARGAR PDF<i class=\"qode_icon_font_awesome fa fa-download qode_button_icon_element\" style=\"color: #ffffff;\" ><\/i><\/a>\n<p>&nbsp;<\/p>\n<p>[vc_video link=&#8217;https:\/\/youtu.be\/a5vpgIlJOag&#8217;][\/vc_column_text]    <\/div>\n<\/div><\/div>[\/vc_column][vc_column width=&#8221;1\/3&#8243;][vc_single_image image=&#8221;951&#8243; img_size=&#8221;500&#215;350&#8243; alignment=&#8221;center&#8221; onclick=&#8221;link_image&#8221; qode_css_animation=&#8221;&#8221;][vc_separator type=&#8221;normal&#8221; color=&#8221;#dd3333&#8243; up=&#8221;50&#8243;][vc_column_text]<\/p>\n<h2 class=\"product-detail__title\" style=\"text-align: center;\">MINI FIRESTOP MOTORCYCLE<\/h2>\n<p>[\/vc_column_text][vc_separator type=&#8221;transparent&#8221; up=&#8221;25&#8243;]<div class=\"qode-accordion-holder clearfix qode-toggle qode-initial \">\n\t<h3 class=\"clearfix qode-title-holder\">\n<span class=\"qode-tab-title\">\n\t\t\t<span class=\"qode-tab-title-icon\">\n\t\t\t<i class=\"qode_icon_font_awesome fa fa-arrow-down \" ><\/i>\t\t<\/span>\n\t    <span class=\"qode-tab-title-inner\">\n        VER DETALLE    <\/span>\n<\/span>\n<span class=\"qode-accordion-mark\">\n    <span class=\"qode-accordion-mark-icon\">\n        <span class=\"icon_plus\"><\/span>\n        <span class=\"icon_minus-06\"><\/span>\n    <\/span>\n<\/span>\n<\/h3>\n<div  class=\"qode-accordion-content qode-acc-title-with-icon\" style=\"padding: 5PX 5PX 5PX 5PX\">\n    <div class=\"qode-accordion-content-inner\">\n        [vc_column_text]<\/p>\n<p style=\"text-align: justify;\">Sistema port\u00e0til contra incendios, que se carga en los hombros, para el primer ataque al fuego con tecnolog\u00eda Water Mist (agua nebulizada) instalado\u00a0sobre Piaggio MP3 500 Scooter.<\/p>\n<p>&nbsp;<\/p>\n<p>&nbsp;<\/p>\n<p>[vc_video link=&#8217;https:\/\/youtu.be\/taApwPVwmII&#8217;][\/vc_column_text]    <\/div>\n<\/div><\/div>[\/vc_column][\/vc_row]<\/p>\n","protected":false},"excerpt":{"rendered":"<p>[vc_row css_animation=&#8221;&#8221; row_type=&#8221;row&#8221; use_row_as_full_screen_section=&#8221;no&#8221; type=&#8221;grid&#8221; angled_section=&#8221;no&#8221; text_align=&#8221;left&#8221; background_image_as_pattern=&#8221;without_pattern&#8221; z_index=&#8221;&#8221; padding_top=&#8221;40&#8243; padding_bottom=&#8221;20&#8243; css=&#8221;.vc_custom_1598461189077{background-color: #ffffff !important;}&#8221;][vc_column][vc_column_text] LUCHA CONTRA EL FUEGO [\/vc_column_text][\/vc_column][\/vc_row][vc_row css_animation=&#8221;&#8221; row_type=&#8221;row&#8221; use_row_as_full_screen_section=&#8221;yes&#8221; type=&#8221;full_width&#8221; angled_section=&#8221;no&#8221; text_align=&#8221;left&#8221; background_image_as_pattern=&#8221;without_pattern&#8221; css=&#8221;.vc_custom_1598711503089{padding-top: 5% !important;padding-right: 5% !important;padding-bottom: 5% !important;padding-left: 5% !important;background-color: #ffffff !important;}&#8221; z_index=&#8221;&#8221;][vc_column width=&#8221;1\/2&#8243;][vc_single_image image=&#8221;561&#8243; img_size=&#8221;medium&#8221; alignment=&#8221;center&#8221; onclick=&#8221;link_image&#8221; qode_css_animation=&#8221;&#8221;][vc_separator type=&#8221;normal&#8221;&#8230;<\/p>\n","protected":false},"author":1,"featured_media":0,"parent":0,"menu_order":0,"comment_status":"closed","ping_status":"closed","template":"full_width.php","meta":[],"_links":{"self":[{"href":"https:\/\/cristanini.com.co\/index.php\/wp-json\/wp\/v2\/pages\/556"}],"collection":[{"href":"https:\/\/cristanini.com.co\/index.php\/wp-json\/wp\/v2\/pages"}],"about":[{"href":"https:\/\/cristanini.com.co\/index.php\/wp-json\/wp\/v2\/types\/page"}],"author":[{"embeddable":true,"href":"https:\/\/cristanini.com.co\/index.php\/wp-json\/wp\/v2\/users\/1"}],"replies":[{"embeddable":true,"href":"https:\/\/cristanini.com.co\/index.php\/wp-json\/wp\/v2\/comments?post=556"}],"version-history":[{"count":43,"href":"https:\/\/cristanini.com.co\/index.php\/wp-json\/wp\/v2\/pages\/556\/revisions"}],"predecessor-version":[{"id":962,"href":"https:\/\/cristanini.com.co\/index.php\/wp-json\/wp\/v2\/pages\/556\/revisions\/962"}],"wp:attachment":[{"href":"https:\/\/cristanini.com.co\/index.php\/wp-json\/wp\/v2\/media?parent=556"}],"curies":[{"name":"wp","href":"https:\/\/api.w.org\/{rel}","templated":true}]}}