{"id":536,"date":"2020-08-29T23:38:59","date_gmt":"2020-08-29T23:38:59","guid":{"rendered":"http:\/\/cristanini.com.co\/nuevositio\/?page_id=536"},"modified":"2020-10-15T16:59:04","modified_gmt":"2020-10-15T16:59:04","slug":"hidrolimpiadoras-y-el-mundo-de-vapor","status":"publish","type":"page","link":"https:\/\/cristanini.com.co\/index.php\/hidrolimpiadoras-y-el-mundo-de-vapor\/","title":{"rendered":"HIDROLIMPIADORAS Y EL MUNDO DE VAPOR"},"content":{"rendered":"<p>[vc_row css_animation=&#8221;&#8221; row_type=&#8221;row&#8221; use_row_as_full_screen_section=&#8221;yes&#8221; type=&#8221;full_width&#8221; angled_section=&#8221;no&#8221; text_align=&#8221;left&#8221; background_image_as_pattern=&#8221;without_pattern&#8221; css=&#8221;.vc_custom_1598711503089{padding-top: 5% !important;padding-right: 5% !important;padding-bottom: 5% !important;padding-left: 5% !important;background-color: #ffffff !important;}&#8221; z_index=&#8221;&#8221;][vc_column width=&#8221;1\/4&#8243;][vc_single_image image=&#8221;539&#8243; img_size=&#8221;full&#8221; alignment=&#8221;center&#8221; onclick=&#8221;link_image&#8221; qode_css_animation=&#8221;&#8221;][vc_separator type=&#8221;normal&#8221; color=&#8221;#dd3333&#8243; up=&#8221;20&#8243;][vc_column_text]<\/p>\n<h2 style=\"text-align: center;\">GHIBLI VAPOR VACUUM<\/h2>\n<p>[\/vc_column_text][vc_separator type=&#8221;transparent&#8221; up=&#8221;25&#8243;]<div class=\"qode-accordion-holder clearfix qode-toggle qode-initial \">\n\t<h3 class=\"clearfix qode-title-holder\">\n<span class=\"qode-tab-title\">\n\t\t\t<span class=\"qode-tab-title-icon\">\n\t\t\t<i class=\"qode_icon_font_awesome fa fa-arrow-down \" ><\/i>\t\t<\/span>\n\t    <span class=\"qode-tab-title-inner\">\n        VER DETALLE    <\/span>\n<\/span>\n<span class=\"qode-accordion-mark\">\n    <span class=\"qode-accordion-mark-icon\">\n        <span class=\"icon_plus\"><\/span>\n        <span class=\"icon_minus-06\"><\/span>\n    <\/span>\n<\/span>\n<\/h3>\n<div  class=\"qode-accordion-content qode-acc-title-with-icon\" style=\"padding: 5PX 5PX 5PX 5PX\">\n    <div class=\"qode-accordion-content-inner\">\n        [vc_column_text]<\/p>\n<p style=\"text-align: justify;\">La fuerza del vapor asegura una limpieza profunda de toda superficie sin da\u00f1arla, reduciendo a la mitad el consumo del agua que se habr\u00eda utilizado con el agua caliente a alta presi\u00f3n.<\/p>\n<p>&nbsp;<\/p>\n<p><a  itemprop=\"url\" href=\"https:\/\/cristanini.com.co\/descargas\/FD-488-IT-SP-totale.pdf\" target=\"_blank\" data-hover-background-color='#a30a0a' data-hover-color='#ffffff' class=\"qbutton  big_large center default\" style=\"color: #ffffff; border-color: #0a0909; font-style: normal; background-color: #ff0000;\">DESCARGAR PDF<i class=\"qode_icon_font_awesome fa fa-download qode_button_icon_element\" style=\"color: #ffffff;\" ><\/i><\/a>[\/vc_column_text]    <\/div>\n<\/div><\/div>[\/vc_column][vc_column width=&#8221;1\/4&#8243;][vc_single_image image=&#8221;541&#8243; img_size=&#8221;full&#8221; alignment=&#8221;center&#8221; onclick=&#8221;link_image&#8221; qode_css_animation=&#8221;&#8221;][vc_separator type=&#8221;normal&#8221; color=&#8221;#dd3333&#8243; up=&#8221;20&#8243;][vc_column_text]<\/p>\n<h2 style=\"text-align: center;\">GHIBLI VAPOR VACUUM JUNIOR<\/h2>\n<p>[\/vc_column_text][vc_separator type=&#8221;transparent&#8221; up=&#8221;25&#8243;]<div class=\"qode-accordion-holder clearfix qode-toggle qode-initial \">\n\t<h3 class=\"clearfix qode-title-holder\">\n<span class=\"qode-tab-title\">\n\t\t\t<span class=\"qode-tab-title-icon\">\n\t\t\t<i class=\"qode_icon_font_awesome fa fa-arrow-down \" ><\/i>\t\t<\/span>\n\t    <span class=\"qode-tab-title-inner\">\n        VER DETALLE    <\/span>\n<\/span>\n<span class=\"qode-accordion-mark\">\n    <span class=\"qode-accordion-mark-icon\">\n        <span class=\"icon_plus\"><\/span>\n        <span class=\"icon_minus-06\"><\/span>\n    <\/span>\n<\/span>\n<\/h3>\n<div  class=\"qode-accordion-content qode-acc-title-with-icon\" style=\"padding: 5PX 5PX 5PX 5PX\">\n    <div class=\"qode-accordion-content-inner\">\n        [vc_column_text]<\/p>\n<a  itemprop=\"url\" href=\"https:\/\/cristanini.com.co\/descargas\/2015.02.12_FD-381_ES_stampa-LOW.pdf\" target=\"_blank\" data-hover-background-color='#a30a0a' data-hover-color='#ffffff' class=\"qbutton  big_large center default\" style=\"color: #ffffff; border-color: #0a0909; font-style: normal; background-color: #ff0000;\">DESCARGAR PDF<i class=\"qode_icon_font_awesome fa fa-download qode_button_icon_element\" style=\"color: #ffffff;\" ><\/i><\/a>\n<p>&nbsp;<\/p>\n<p>[\/vc_column_text]    <\/div>\n<\/div><\/div>[\/vc_column][vc_column width=&#8221;1\/4&#8243;][vc_single_image image=&#8221;542&#8243; img_size=&#8221;medium&#8221; alignment=&#8221;center&#8221; onclick=&#8221;link_image&#8221; qode_css_animation=&#8221;&#8221;][vc_separator type=&#8221;normal&#8221; color=&#8221;#dd3333&#8243;][vc_column_text]<\/p>\n<h2 style=\"text-align: center;\">GHIBLI BIG VAPOR<\/h2>\n<p>[\/vc_column_text][vc_separator type=&#8221;transparent&#8221; up=&#8221;25&#8243;]<div class=\"qode-accordion-holder clearfix qode-toggle qode-initial \">\n\t<h3 class=\"clearfix qode-title-holder\">\n<span class=\"qode-tab-title\">\n\t\t\t<span class=\"qode-tab-title-icon\">\n\t\t\t<i class=\"qode_icon_font_awesome fa fa-arrow-down \" ><\/i>\t\t<\/span>\n\t    <span class=\"qode-tab-title-inner\">\n        VER DETALLE    <\/span>\n<\/span>\n<span class=\"qode-accordion-mark\">\n    <span class=\"qode-accordion-mark-icon\">\n        <span class=\"icon_plus\"><\/span>\n        <span class=\"icon_minus-06\"><\/span>\n    <\/span>\n<\/span>\n<\/h3>\n<div  class=\"qode-accordion-content qode-acc-title-with-icon\" style=\"padding: 5PX 5PX 5PX 5PX\">\n    <div class=\"qode-accordion-content-inner\">\n        [vc_column_text]<\/p>\n<p style=\"text-align: justify;\">La fuerza del vapor asegura una limpieza completa de toda superficie sin da\u00f1arla, reduciendo a la mitad el consumo del agua que se utilizar\u00eda con el agua caliente a alta presi\u00f3n.<\/p>\n<p>&nbsp;<\/p>\n<p><a  itemprop=\"url\" href=\"https:\/\/cristanini.com.co\/descargas\/2015.02.12_FD-381_ES_stampa-LOW.pdf\" target=\"_blank\" data-hover-background-color='#a30a0a' data-hover-color='#ffffff' class=\"qbutton  big_large center default\" style=\"color: #ffffff; border-color: #0a0909; font-style: normal; background-color: #ff0000;\">DESCARGAR PDF<i class=\"qode_icon_font_awesome fa fa-download qode_button_icon_element\" style=\"color: #ffffff;\" ><\/i><\/a>[\/vc_column_text]    <\/div>\n<\/div><\/div>[\/vc_column][vc_column width=&#8221;1\/4&#8243;][vc_single_image image=&#8221;543&#8243; img_size=&#8221;full&#8221; alignment=&#8221;center&#8221; onclick=&#8221;link_image&#8221; qode_css_animation=&#8221;&#8221;][vc_separator type=&#8221;normal&#8221; color=&#8221;#dd3333&#8243; up=&#8221;20&#8243;][vc_column_text]<\/p>\n<h2 style=\"text-align: center;\">GHIBLI TEQUENDAMA DOUBLE<\/h2>\n<p>[\/vc_column_text][vc_separator type=&#8221;transparent&#8221; up=&#8221;25&#8243;]<div class=\"qode-accordion-holder clearfix qode-toggle qode-initial \">\n\t<h3 class=\"clearfix qode-title-holder\">\n<span class=\"qode-tab-title\">\n\t\t\t<span class=\"qode-tab-title-icon\">\n\t\t\t<i class=\"qode_icon_font_awesome fa fa-arrow-down \" ><\/i>\t\t<\/span>\n\t    <span class=\"qode-tab-title-inner\">\n        VER DETALLE    <\/span>\n<\/span>\n<span class=\"qode-accordion-mark\">\n    <span class=\"qode-accordion-mark-icon\">\n        <span class=\"icon_plus\"><\/span>\n        <span class=\"icon_minus-06\"><\/span>\n    <\/span>\n<\/span>\n<\/h3>\n<div  class=\"qode-accordion-content qode-acc-title-with-icon\" style=\"padding: 5PX 5PX 5PX 5PX\">\n    <div class=\"qode-accordion-content-inner\">\n        [vc_column_text]<\/p>\n<p style=\"text-align: justify;\">La fuerza del vapor asegura una limpieza completa de toda superficie sin da\u00f1arla, reduciendo a la mitad el consumo del agua que se utilizar\u00eda con el agua caliente a alta presi\u00f3n.<\/p>\n<p>&nbsp;<\/p>\n<p><a  itemprop=\"url\" href=\"https:\/\/cristanini.com.co\/descargas\/2015.02.12_FD-381_ES_stampa-LOW.pdf\" target=\"_blank\" data-hover-background-color='#a30a0a' data-hover-color='#ffffff' class=\"qbutton  big_large center default\" style=\"color: #ffffff; border-color: #0a0909; font-style: normal; background-color: #ff0000;\">DESCARGAR PDF<i class=\"qode_icon_font_awesome fa fa-download qode_button_icon_element\" style=\"color: #ffffff;\" ><\/i><\/a>[\/vc_column_text]    <\/div>\n<\/div><\/div>[\/vc_column][\/vc_row]<\/p>\n","protected":false},"excerpt":{"rendered":"<p>[vc_row css_animation=&#8221;&#8221; row_type=&#8221;row&#8221; use_row_as_full_screen_section=&#8221;yes&#8221; type=&#8221;full_width&#8221; angled_section=&#8221;no&#8221; text_align=&#8221;left&#8221; background_image_as_pattern=&#8221;without_pattern&#8221; css=&#8221;.vc_custom_1598711503089{padding-top: 5% !important;padding-right: 5% !important;padding-bottom: 5% !important;padding-left: 5% !important;background-color: #ffffff !important;}&#8221; z_index=&#8221;&#8221;][vc_column width=&#8221;1\/4&#8243;][vc_single_image image=&#8221;539&#8243; img_size=&#8221;full&#8221; alignment=&#8221;center&#8221; onclick=&#8221;link_image&#8221; qode_css_animation=&#8221;&#8221;][vc_separator type=&#8221;normal&#8221; color=&#8221;#dd3333&#8243; up=&#8221;20&#8243;][vc_column_text] GHIBLI VAPOR VACUUM [\/vc_column_text][vc_separator type=&#8221;transparent&#8221; up=&#8221;25&#8243;][\/vc_column][vc_column width=&#8221;1\/4&#8243;][vc_single_image image=&#8221;541&#8243; img_size=&#8221;full&#8221; alignment=&#8221;center&#8221; onclick=&#8221;link_image&#8221; qode_css_animation=&#8221;&#8221;][vc_separator type=&#8221;normal&#8221; color=&#8221;#dd3333&#8243; up=&#8221;20&#8243;][vc_column_text] GHIBLI&#8230;<\/p>\n","protected":false},"author":1,"featured_media":0,"parent":0,"menu_order":0,"comment_status":"closed","ping_status":"closed","template":"full_width.php","meta":[],"_links":{"self":[{"href":"https:\/\/cristanini.com.co\/index.php\/wp-json\/wp\/v2\/pages\/536"}],"collection":[{"href":"https:\/\/cristanini.com.co\/index.php\/wp-json\/wp\/v2\/pages"}],"about":[{"href":"https:\/\/cristanini.com.co\/index.php\/wp-json\/wp\/v2\/types\/page"}],"author":[{"embeddable":true,"href":"https:\/\/cristanini.com.co\/index.php\/wp-json\/wp\/v2\/users\/1"}],"replies":[{"embeddable":true,"href":"https:\/\/cristanini.com.co\/index.php\/wp-json\/wp\/v2\/comments?post=536"}],"version-history":[{"count":12,"href":"https:\/\/cristanini.com.co\/index.php\/wp-json\/wp\/v2\/pages\/536\/revisions"}],"predecessor-version":[{"id":554,"href":"https:\/\/cristanini.com.co\/index.php\/wp-json\/wp\/v2\/pages\/536\/revisions\/554"}],"wp:attachment":[{"href":"https:\/\/cristanini.com.co\/index.php\/wp-json\/wp\/v2\/media?parent=536"}],"curies":[{"name":"wp","href":"https:\/\/api.w.org\/{rel}","templated":true}]}}