{"id":509,"date":"2020-08-29T15:32:05","date_gmt":"2020-08-29T15:32:05","guid":{"rendered":"http:\/\/cristanini.com.co\/nuevositio\/?page_id=509"},"modified":"2020-10-22T01:57:32","modified_gmt":"2020-10-22T01:57:32","slug":"limpieza-automatica-del-chasis","status":"publish","type":"page","link":"https:\/\/cristanini.com.co\/index.php\/limpieza-automatica-del-chasis\/","title":{"rendered":"LIMPIEZA AUTOM\u00c1TICA DEL CHASIS"},"content":{"rendered":"<p>[vc_row css_animation=&#8221;&#8221; row_type=&#8221;row&#8221; use_row_as_full_screen_section=&#8221;yes&#8221; type=&#8221;full_width&#8221; angled_section=&#8221;no&#8221; text_align=&#8221;left&#8221; background_image_as_pattern=&#8221;without_pattern&#8221; z_index=&#8221;&#8221; css=&#8221;.vc_custom_1598652174055{padding-top: 5% !important;padding-right: 5% !important;padding-bottom: 5% !important;padding-left: 5% !important;}&#8221;][vc_column width=&#8221;1\/3&#8243; css=&#8221;.vc_custom_1598650336610{padding-right: 5% !important;padding-left: 5% !important;}&#8221;][vc_single_image image=&#8221;512&#8243; img_size=&#8221;full&#8221; qode_css_animation=&#8221;&#8221;][\/vc_column][vc_column width=&#8221;1\/3&#8243;][vc_column_text]<\/p>\n<h2 class=\"product-detail__title\">GHIBLI CHASSIS CLEAN<\/h2>\n<p>[\/vc_column_text][vc_column_text css=&#8221;.vc_custom_1598715396845{margin-top: 25px !important;}&#8221;]GHIBLI\u00a0CHASSIS-CLEAN,\u00a0\u00a0un sistema autom\u00e1tico para el lavado y la descontaminaci\u00f3n del chasis de veh\u00edculos.<\/p>\n<p>GHIBLI\u00a0CHASSIS CLEAN es un equipo que permite lavar y descontaminar el bajo chasis de cualquier tipo\u00a0de veh\u00edculo, de forma totalmente autom\u00e1tica y sin intervenci\u00f3n manual.<\/p>\n<p>Este tipo de tratamiento resulta necesario, especialmente, para operaciones de:<\/p>\n<p>&#8211; Lavado y limpieza de barro de chasis de autobuses y camiones en general.<br \/>\n&#8211; Eliminaci\u00f3n de dep\u00f3sitos salinos, en los chasis de veh\u00edculos que circulan por rutas nevadas con\u00a0tratamientos de sal (NaCl para disolver la nieve) y cuya corrosi\u00f3n resulta altamente nociva.<br \/>\n&#8211; Eliminaci\u00f3n de barro y dep\u00f3sitos de tierra (muy abrasivos) en maquinaria vial y de movimiento\u00a0de tierras.<\/p>\n<p>&#8211; Saneamiento y desinfecci\u00f3n de camiones compactadores de recolecci\u00f3n urbana, a la salida de\u00a0los dep\u00f3sitos sanitarios y vertederos, para evitar la posterior contaminaci\u00f3n de la ciudad.<br \/>\n&#8211; Saneamiento de la parte inferior de veh\u00edculos, antes de entrar en zonas con protecci\u00f3n fitosanitaria como por Ej.: criaderos av\u00edcolas y de porcinos, granjas, etc.<br \/>\n&#8211; Lavado previo a las inspecciones obligatorias para verificaci\u00f3n t\u00e9cnica.[\/vc_column_text][vc_separator type=&#8221;transparent&#8221; up=&#8221;10&#8243; down=&#8221;10&#8243;]<a  itemprop=\"url\" href=\"https:\/\/cristanini.com.co\/descargas\/FD-140-sp..pdf\" target=\"_blank\" data-hover-background-color='#bf2b2b' data-hover-color='#ffffff' class=\"qbutton  big_large_full_width center default\" style=\"color: #ffffff; background-color: #dd3333;\">DESCARGAR PDF<i class=\"qode_icon_font_awesome fa fa-download qode_button_icon_element\" style=\"\" ><\/i><\/a>[\/vc_column][vc_column width=&#8221;1\/3&#8243;][vc_row_inner row_type=&#8221;row&#8221; type=&#8221;full_width&#8221; text_align=&#8221;left&#8221; css_animation=&#8221;&#8221;][vc_column_inner width=&#8221;1\/2&#8243;][vc_column_text css=&#8221;.vc_custom_1603331772976{margin-bottom: 5% !important;}&#8221;]<\/p>\n<h4><strong>Chassis Clean &#8211; Descontaminaci\u00f3n Vehicular<\/strong><\/h4>\n<p>[\/vc_column_text][vc_video link=&#8221;https:\/\/youtu.be\/_iJNvDdOfGg&#8221; css=&#8221;.vc_custom_1598737075862{margin-bottom: 2% !important;}&#8221;][vc_column_text css=&#8221;.vc_custom_1603331850458{margin-top: 10% !important;}&#8221;]<\/p>\n<h4><strong>Chassis Clean &#8211; V\u00edas Ferreas<\/strong><\/h4>\n<p>[\/vc_column_text][vc_video link=&#8221;https:\/\/youtu.be\/57XLuleChPo&#8221; css=&#8221;.vc_custom_1598741439139{margin-top: 9% !important;}&#8221;][\/vc_column_inner][vc_column_inner width=&#8221;1\/2&#8243;][vc_column_text css=&#8221;.vc_custom_1603331810012{margin-bottom: 5% !important;}&#8221;]<\/p>\n<h4><strong>Chassis Clean and Body Clean Systems<\/strong><\/h4>\n<p>[\/vc_column_text][vc_video link=&#8221;https:\/\/youtu.be\/4z2QKPAlDdc&#8221; css=&#8221;.vc_custom_1598925140964{margin-bottom: 5% !important;}&#8221;][vc_column_text css=&#8221;.vc_custom_1598741390203{margin-bottom: 2% !important;}&#8221;]<\/p>\n<h4><strong>Cristanini &#8211; Body Clean And Chassis Clean Fd 432<\/strong><\/h4>\n<p>[\/vc_column_text][vc_video link=&#8221;https:\/\/youtu.be\/IVKWPqLKocQ&#8221; css=&#8221;.vc_custom_1598925191755{margin-top: 10% !important;}&#8221;][\/vc_column_inner][\/vc_row_inner][\/vc_column][\/vc_row]<\/p>\n","protected":false},"excerpt":{"rendered":"<p>[vc_row css_animation=&#8221;&#8221; row_type=&#8221;row&#8221; use_row_as_full_screen_section=&#8221;yes&#8221; type=&#8221;full_width&#8221; angled_section=&#8221;no&#8221; text_align=&#8221;left&#8221; background_image_as_pattern=&#8221;without_pattern&#8221; z_index=&#8221;&#8221; css=&#8221;.vc_custom_1598652174055{padding-top: 5% !important;padding-right: 5% !important;padding-bottom: 5% !important;padding-left: 5% !important;}&#8221;][vc_column width=&#8221;1\/3&#8243; css=&#8221;.vc_custom_1598650336610{padding-right: 5% !important;padding-left: 5% !important;}&#8221;][vc_single_image image=&#8221;512&#8243; img_size=&#8221;full&#8221; qode_css_animation=&#8221;&#8221;][\/vc_column][vc_column width=&#8221;1\/3&#8243;][vc_column_text] GHIBLI CHASSIS CLEAN [\/vc_column_text][vc_column_text css=&#8221;.vc_custom_1598715396845{margin-top: 25px !important;}&#8221;]GHIBLI\u00a0CHASSIS-CLEAN,\u00a0\u00a0un sistema autom\u00e1tico para el lavado y la descontaminaci\u00f3n del chasis&#8230;<\/p>\n","protected":false},"author":1,"featured_media":0,"parent":0,"menu_order":0,"comment_status":"closed","ping_status":"closed","template":"full_width.php","meta":[],"_links":{"self":[{"href":"https:\/\/cristanini.com.co\/index.php\/wp-json\/wp\/v2\/pages\/509"}],"collection":[{"href":"https:\/\/cristanini.com.co\/index.php\/wp-json\/wp\/v2\/pages"}],"about":[{"href":"https:\/\/cristanini.com.co\/index.php\/wp-json\/wp\/v2\/types\/page"}],"author":[{"embeddable":true,"href":"https:\/\/cristanini.com.co\/index.php\/wp-json\/wp\/v2\/users\/1"}],"replies":[{"embeddable":true,"href":"https:\/\/cristanini.com.co\/index.php\/wp-json\/wp\/v2\/comments?post=509"}],"version-history":[{"count":29,"href":"https:\/\/cristanini.com.co\/index.php\/wp-json\/wp\/v2\/pages\/509\/revisions"}],"predecessor-version":[{"id":1072,"href":"https:\/\/cristanini.com.co\/index.php\/wp-json\/wp\/v2\/pages\/509\/revisions\/1072"}],"wp:attachment":[{"href":"https:\/\/cristanini.com.co\/index.php\/wp-json\/wp\/v2\/media?parent=509"}],"curies":[{"name":"wp","href":"https:\/\/api.w.org\/{rel}","templated":true}]}}