{"id":195,"date":"2018-01-10T14:15:28","date_gmt":"2018-01-10T14:15:28","guid":{"rendered":"http:\/\/bridge129.qodeinteractive.com\/?page_id=4"},"modified":"2021-07-08T22:10:40","modified_gmt":"2021-07-08T22:10:40","slug":"home","status":"publish","type":"page","link":"https:\/\/cristanini.com.co\/","title":{"rendered":"Home"},"content":{"rendered":"<p>[vc_row css_animation=&#8221;&#8221; row_type=&#8221;row&#8221; use_row_as_full_screen_section=&#8221;yes&#8221; type=&#8221;full_width&#8221; angled_section=&#8221;no&#8221; text_align=&#8221;left&#8221; background_image_as_pattern=&#8221;without_pattern&#8221; css=&#8221;.vc_custom_1598368561386{background-position: center !important;background-repeat: no-repeat !important;background-size: cover !important;}&#8221; background_image=&#8221;267&#8243; z_index=&#8221;&#8221;][vc_column][vc_video link=&#8221;https:\/\/youtu.be\/uwzVyAVNJnI&#8221; el_width=&#8221;70&#8243; align=&#8221;center&#8221; css_animation=&#8221;none&#8221;][\/vc_column][vc_column css=&#8221;.vc_custom_1598989640022{padding-top: 5% !important;padding-right: 5% !important;padding-bottom: 5% !important;padding-left: 5% !important;}&#8221;][vc_row_inner row_type=&#8221;row&#8221; type=&#8221;full_width&#8221; text_align=&#8221;left&#8221; css_animation=&#8221;&#8221;][vc_column_inner width=&#8221;1\/3&#8243;][vc_single_image image=&#8221;237&#8243; img_size=&#8221;700X1024&#8243; onclick=&#8221;custom_link&#8221; qode_css_animation=&#8221;&#8221; qode_hover_animation=&#8221;zoom_in&#8221; link=&#8221;https:\/\/cristanini.com.co\/index.php\/ambiental-e-industrial\/&#8221;][vc_column_text css=&#8221;.vc_custom_1602722343577{padding-top: 5% !important;padding-right: 5% !important;padding-bottom: 6% !important;padding-left: 5% !important;background-color: #000000 !important;background-position: 0 0 !important;background-repeat: no-repeat !important;}&#8221;]<\/p>\n<h3 style=\"text-align: center;\"><a href=\"https:\/\/cristanini.com.co\/index.php\/ambiental-e-industrial\/\"><span style=\"color: #ffffff;\">AMBIENTAL E INDUSTRIAL<\/span><\/a><\/h3>\n<hr \/>\n<p class=\"parallax__title cc_cursor\" style=\"text-align: center;\"><a href=\"https:\/\/cristanini.com.co\/index.php\/ambiental-e-industrial\/\"><span style=\"color: #ffffff;\">SISTEMAS PARA EL AMBIENTE, LA INDUSTRIA Y LA RECUPERACI\u00d3N DE BIENES ART\u00cdSTICOS<\/span><\/a><\/p>\n<p>[\/vc_column_text][\/vc_column_inner][vc_column_inner width=&#8221;1\/3&#8243;][vc_single_image image=&#8221;791&#8243; img_size=&#8221;700&#215;900&#8243; onclick=&#8221;custom_link&#8221; qode_css_animation=&#8221;&#8221; qode_hover_animation=&#8221;zoom_in&#8221; link=&#8221;https:\/\/cristanini.com.co\/index.php\/lucha-contra-el-fuego\/&#8221;][vc_column_text css=&#8221;.vc_custom_1602722360017{padding-top: 5% !important;padding-right: 5% !important;padding-bottom: 10% !important;padding-left: 5% !important;background-color: #000000 !important;background-position: 0 0 !important;background-repeat: no-repeat !important;}&#8221;]<\/p>\n<h3 style=\"text-align: center;\"><a href=\"https:\/\/cristanini.com.co\/index.php\/lucha-contra-el-fuego\/\"><span style=\"color: #ffffff;\">LUCHA CONTRA EL FUEGO<\/span><\/a><\/h3>\n<hr \/>\n<p class=\"parallax__title cc_cursor\" style=\"text-align: center;\"><a href=\"https:\/\/cristanini.com.co\/index.php\/lucha-contra-el-fuego\/\"><span style=\"color: #ffffff;\">SISTEMAS DE SUPRESI\u00d3N DE INCENDIOS<\/span><\/a><\/p>\n<p>[\/vc_column_text][\/vc_column_inner][vc_column_inner width=&#8221;1\/3&#8243;][vc_single_image image=&#8221;792&#8243; img_size=&#8221;700&#215;900&#8243; onclick=&#8221;custom_link&#8221; qode_css_animation=&#8221;&#8221; qode_hover_animation=&#8221;zoom_in&#8221; link=&#8221;https:\/\/cristanini.com.co\/index.php\/sistemas-de-descontaminacion-cbrn\/&#8221;][vc_column_text css=&#8221;.vc_custom_1602722395335{padding-top: 5% !important;padding-right: 5% !important;padding-bottom: 5% !important;padding-left: 5% !important;background-color: #000000 !important;background-position: 0 0 !important;background-repeat: no-repeat !important;}&#8221;]<\/p>\n<h3 style=\"text-align: center;\"><a href=\"https:\/\/cristanini.com.co\/index.php\/sistemas-de-descontaminacion-cbrn\/\"><span style=\"color: #ffffff;\">DESCONTAMINACI\u00d3N CBRN<\/span><\/a><\/h3>\n<hr \/>\n<p class=\"parallax__title cc_cursor\" style=\"text-align: center;\"><a href=\"https:\/\/cristanini.com.co\/index.php\/sistemas-de-descontaminacion-cbrn\/\"><span style=\"color: #ffffff;\">SISTEMAS DE DESCONTAMINACI\u00d3N CBRN<\/span><\/a><\/p>\n<p>[\/vc_column_text][\/vc_column_inner][\/vc_row_inner][\/vc_column][\/vc_row][vc_row css_animation=&#8221;&#8221; row_type=&#8221;row&#8221; use_row_as_full_screen_section=&#8221;no&#8221; type=&#8221;grid&#8221; angled_section=&#8221;no&#8221; text_align=&#8221;center&#8221; background_image_as_pattern=&#8221;without_pattern&#8221; padding_top=&#8221;87&#8243; padding_bottom=&#8221;65&#8243; z_index=&#8221;&#8221; css=&#8221;.vc_custom_1598360554396{background-color: #232323 !important;}&#8221;][vc_column width=&#8221;2\/3&#8243; offset=&#8221;vc_col-sm-offset-2&#8243;][vc_column_text]<\/p>\n<h1><span style=\"color: #ffffff;\">Bien<\/span><span style=\"color: #ff0000;\">venidos<\/span><\/h1>\n<p>[\/vc_column_text][vc_separator type=&#8221;small&#8221; position=&#8221;center&#8221; color=&#8221;#e82600&#8243; thickness=&#8221;4&#8243; width=&#8221;48&#8243; up=&#8221;17&#8243; down=&#8221;25&#8243;][vc_column_text]<\/p>\n<p style=\"text-align: center;\"><span style=\"color: #ffffff;\">Cristanini es un punto de referencia en la defensa y protecc\u00f3n civil, en el \u00c1mbito de la descontaminaci\u00f3n CBRN y la desintoxicaci\u00f3n, el saneamiento, las aplicaciones industriales especiales, en las zonas urbanas y en la recuperaci\u00f3n de obras de inter\u00e9s hist\u00f3rico, art\u00edstico y monumental.<\/span><\/p>\n<p>[\/vc_column_text][\/vc_column][\/vc_row][vc_row css_animation=&#8221;&#8221; row_type=&#8221;row&#8221; use_row_as_full_screen_section=&#8221;no&#8221; type=&#8221;grid&#8221; angled_section=&#8221;no&#8221; text_align=&#8221;center&#8221; background_image_as_pattern=&#8221;without_pattern&#8221; padding_bottom=&#8221;56&#8243; z_index=&#8221;4&#8243; css=&#8221;.vc_custom_1600196930147{padding-top: 5% !important;background-image: url(https:\/\/cristanini.com.co\/wp-content\/uploads\/2020\/08\/Morado-Gris-Foto-Aplicaciones-Tecnolog\u00eda-Negocio-Publicidad-P\u00e1gina-Web.png?id=267) !important;background-position: center !important;background-repeat: no-repeat !important;background-size: cover !important;}&#8221;][vc_column][qode_elements_holder number_of_columns=&#8221;one_column&#8221;][qode_elements_holder_item advanced_animations=&#8221;no&#8221; item_padding=&#8221;1px 0 0 0&#8243; item_padding_1280_1440=&#8221;60px 0 0 0&#8243; item_padding_1024_1280=&#8221;61px 0 0 0&#8243; item_padding_768_1024=&#8221;50px 0 0 0&#8243; item_padding_600_768=&#8221;50px 0 0 0&#8243; item_padding_480_600=&#8221;50px 0 0 0&#8243; item_padding_480=&#8221;50px 0 0 0&#8243;][vc_row_inner row_type=&#8221;row&#8221; type=&#8221;full_width&#8221; text_align=&#8221;center&#8221; css_animation=&#8221;&#8221;][vc_column_inner offset=&#8221;vc_col-lg-3 vc_col-md-6&#8243;]<span data-type=\"normal\"  class=\"qode_icon_shortcode  q_font_awsome_icon fa-3x pull-center q_icon_animation\" style=\" \"><i class=\"qode_icon_font_awesome fa fa-male qode_icon_element\" style=\"font-size: 50px;color: #dd3333;\" ><\/i><\/span><div class=\"q_counter_holder  center\" style=\"\" data-digit=\"23678\"><span class=\"counter  zero\" style=\"color: #dd3333;font-size: 40px;font-weight: 700;\">23678<\/span><p class=\"counter_text\" style=\"font-size: 18px;font-weight: 600;color: #ffffff;\">CLIENTES<\/p><\/div>[vc_empty_space height=&#8221;30px&#8221;][\/vc_column_inner][vc_column_inner offset=&#8221;vc_col-lg-3 vc_col-md-6&#8243;]<span data-type=\"normal\"  class=\"qode_icon_shortcode  q_font_awsome_icon fa-3x pull-center q_icon_animation\" style=\" \"><i class=\"qode_icon_font_awesome fa fa-trophy qode_icon_element\" style=\"font-size: 50px;color: #dd3333;\" ><\/i><\/span><div class=\"q_counter_holder  center\" style=\"\" data-digit=\"20\"><span class=\"counter  zero\" style=\"color: #dd3333;font-size: 40px;font-weight: 700;\">20<\/span><p class=\"counter_text\" style=\"font-size: 18px;font-weight: 600;color: #ffffff;\">PREMIOS<\/p><\/div>[vc_empty_space height=&#8221;30px&#8221;][\/vc_column_inner][vc_column_inner offset=&#8221;vc_col-lg-3 vc_col-md-6&#8243;]<span data-type=\"normal\"  class=\"qode_icon_shortcode  q_font_awsome_icon fa-3x pull-center q_icon_animation\" style=\" \"><i class=\"qode_icon_font_awesome fa fa-hourglass qode_icon_element\" style=\"font-size: 35px;color: #dd3333;\" ><\/i><\/span><div class=\"q_counter_holder  center\" style=\"\" data-digit=\"42\"><span class=\"counter  zero\" style=\"color: #dd3333;font-size: 40px;font-weight: 700;\">42<\/span><p class=\"counter_text\" style=\"font-size: 18px;font-weight: 600;color: #ffffff;\">A\u00d1OS DE EXPERIENCIA<\/p><\/div>[vc_empty_space height=&#8221;30px&#8221;][\/vc_column_inner][vc_column_inner offset=&#8221;vc_col-lg-3 vc_col-md-6&#8243;]<span data-type=\"normal\"  class=\"qode_icon_shortcode  q_font_awsome_icon fa-3x pull-center q_icon_animation\" style=\" \"><i class=\"qode_icon_font_awesome fa fa-check qode_icon_element\" style=\"font-size: 50px;color: #dd3333;\" ><\/i><\/span><div class=\"q_counter_holder  center\" style=\"\" data-digit=\"24\"><span class=\"counter  zero\" style=\"color: #dd3333;font-size: 40px;font-weight: 700;\">24<\/span><p class=\"counter_text\" style=\"font-size: 18px;font-weight: 600;color: #ffffff;\">CERTIFICACIONES<\/p><\/div>[vc_empty_space height=&#8221;30px&#8221;][\/vc_column_inner][\/vc_row_inner][\/qode_elements_holder_item][\/qode_elements_holder][\/vc_column][\/vc_row][vc_row css_animation=&#8221;&#8221; row_type=&#8221;row&#8221; use_row_as_full_screen_section=&#8221;no&#8221; type=&#8221;grid&#8221; angled_section=&#8221;no&#8221; text_align=&#8221;left&#8221; background_image_as_pattern=&#8221;without_pattern&#8221; padding_top=&#8221;131&#8243; padding_bottom=&#8221;93&#8243; z_index=&#8221;&#8221; css=&#8221;.vc_custom_1515674423381{background-color: #ffffff !important;}&#8221;][vc_column offset=&#8221;vc_col-md-8&#8243;][qode_elements_holder number_of_columns=&#8221;one_column&#8221;][qode_elements_holder_item advanced_animations=&#8221;no&#8221; item_padding=&#8221;0 11% 0 0&#8243;][vc_column_text]<\/p>\n<h1>\u00bfQUI\u00c9NES SOMOS?<\/h1>\n<p>[\/vc_column_text][vc_column_text]<\/p>\n<h2><span style=\"color: #ff0000;\">CRISTANINI COLOMBIA<\/span><\/h2>\n<p>[\/vc_column_text][vc_separator type=&#8221;small&#8221; position=&#8221;left&#8221; color=&#8221;#dd3333&#8243; thickness=&#8221;4&#8243; width=&#8221;48&#8243; up=&#8221;23&#8243; down=&#8221;21&#8243;][vc_column_text]<\/p>\n<h3>\u201cSomos parte del cambio que se quiere ver en el mundo\u201d<\/h3>\n<p>[\/vc_column_text][vc_separator type=&#8221;transparent&#8221; thickness=&#8221;4&#8243; up=&#8221;23&#8243; down=&#8221;21&#8243;][vc_column_text]<\/p>\n<h3>HISTORIA<\/h3>\n<p>La compa\u00f1\u00eda\u00ada Cristanini SpA fue fundada en 1972 y tiene una larga experiencia en el mundo en el campo de la tecnolog\u00ed\u00ada de alta presi\u00f3n con una fuerte presencia en todo el mundo y ofrece una gama completa de equipos de protecci\u00f3n civil, industrial y militar.[\/vc_column_text][vc_column_text css=&#8221;.vc_custom_1622675288635{margin-top: 30px !important;}&#8221;]<\/p>\n<h3>CALIDAD<\/h3>\n<p>Contamos con certificaci\u00f3n ISO 9001.<\/p>\n<p>&nbsp;<\/p>\n<p><a href=\"https:\/\/cristanini.com.co\/wp-content\/uploads\/2020\/09\/ISO-2019.pdf\"><img loading=\"lazy\" class=\"alignnone wp-image-971 size-medium\" src=\"https:\/\/cristanini.com.co\/wp-content\/uploads\/2020\/09\/iso-9001-logo-300x96.png\" alt=\"\" width=\"300\" height=\"96\" srcset=\"https:\/\/cristanini.com.co\/wp-content\/uploads\/2020\/09\/iso-9001-logo-300x96.png 300w, https:\/\/cristanini.com.co\/wp-content\/uploads\/2020\/09\/iso-9001-logo.png 493w\" sizes=\"(max-width: 300px) 100vw, 300px\" \/><\/a>[\/vc_column_text][\/qode_elements_holder_item][\/qode_elements_holder][vc_empty_space height=&#8221;34px&#8221;][\/vc_column][vc_column offset=&#8221;vc_col-md-4&#8243;][vc_separator type=&#8221;transparent&#8221; up=&#8221;-6&#8243;]<div class='q_icon_with_title medium normal_icon '><div class=\"icon_holder \" style=\" \"><span data-icon-type=\"normal\"   style=\"\" class=\"qode_iwt_icon_holder q_font_awsome_icon fa-3x  \"><i class=\"qode_icon_font_awesome fa fa-building qode_iwt_icon_element\" style=\"color: #dd3333;\" ><\/i><\/span><\/div><div class=\"icon_text_holder\" style=\"\"><div class=\"icon_text_inner\" style=\"\"><h3 class=\"icon_title\" style=\"\">MISI\u00d3N<\/h3><p style=''>Cristanini Colombia ofrece una amplia gama de soluciones innovadoras a sus clientes en el sector Industrial, Militar, Comercial y Gubernamental; a partir del 1 de Octubre del 2018 iniciamos operaciones en todo el territorio nacional, con el prop\u00f3sito de satisfacer una gran variedad de necesidades de nuestros clientes.<\/p><\/div><\/div><\/div>[vc_empty_space height=&#8221;29px&#8221;]<div class='q_icon_with_title medium normal_icon '><div class=\"icon_holder \" style=\" \"><span data-icon-type=\"normal\"   style=\"\" class=\"qode_iwt_icon_holder q_font_awsome_icon fa-3x  \"><i class=\"qode_icon_font_awesome fa fa-eye qode_iwt_icon_element\" style=\"color: #dd3333;\" ><\/i><\/span><\/div><div class=\"icon_text_holder\" style=\"\"><div class=\"icon_text_inner\" style=\"\"><h3 class=\"icon_title\" style=\"\">VISI\u00d3N<\/h3><p style=''>Cristanini Colombia se consolidar\u00e1 como una empresa reconocida en el a\u00f1o 2020 en el sector Industrial, Militar, Comercial y Gubernamental, que satisfaga los requerimientos de nuestro clientes en los t\u00e9rminos de la excelencia y a trav\u00e9s de un equipo de trabajo altamente cualificado.<\/p><\/div><\/div><\/div>[vc_empty_space height=&#8221;29px&#8221;][\/vc_column][\/vc_row][vc_row css_animation=&#8221;&#8221; row_type=&#8221;row&#8221; use_row_as_full_screen_section=&#8221;no&#8221; type=&#8221;full_width&#8221; angled_section=&#8221;no&#8221; text_align=&#8221;center&#8221; background_image_as_pattern=&#8221;without_pattern&#8221; z_index=&#8221;7&#8243; css=&#8221;.vc_custom_1515674465141{background-color: #ffffff !important;}&#8221;][vc_column css=&#8221;.vc_custom_1515664653561{margin-bottom: -5% !important;}&#8221;][qode_elements_holder number_of_columns=&#8221;one_column&#8221;][qode_elements_holder_item advanced_animations=&#8221;no&#8221; item_padding=&#8221;0px 16% 0 16%&#8221; item_padding_1280_1440=&#8221;0px 7% 0 7%&#8221; item_padding_1024_1280=&#8221;0px 7% 0 7%&#8221; item_padding_768_1024=&#8221;0px 3% 0 3%&#8221;][vc_row_inner row_type=&#8221;row&#8221; type=&#8221;full_width&#8221; text_align=&#8221;left&#8221; css_animation=&#8221;&#8221; padding_top=&#8221;60&#8243; padding_bottom=&#8221;36&#8243; css=&#8221;.vc_custom_1515664358272{background-color: #212121 !important;}&#8221;][vc_column_inner][vc_column_text]<\/p>\n<h2 style=\"text-align: center;\"><span style=\"color: #ff0000;\">ALIANZAS ESTRAT\u00c9GICAS<\/span><\/h2>\n<p>[\/vc_column_text][qode_clients columns=&#8221;six_columns&#8221; hover_effect=&#8221;switch_img&#8221; switch_effect=&#8221;switch_roll&#8221; disable_separators=&#8221;yes&#8221;][qode_client link_target=&#8221;_parent&#8221; image=&#8221;1165&#8243; hover_image=&#8221;1166&#8243; link=&#8221;https:\/\/www.ejercito.mil.co\/&#8221;][qode_client link_target=&#8221;_blank&#8221; image=&#8221;913&#8243; hover_image=&#8221;914&#8243; link=&#8221;https:\/\/www.veolia.com.co\/oriente\/nosotros\/quienes-somos&#8221;][qode_client link_target=&#8221;_blank&#8221; image=&#8221;292&#8243; hover_image=&#8221;293&#8243; link=&#8221;http:\/\/www.fonina.co\/&#8221;][qode_client link_target=&#8221;_blank&#8221; image=&#8221;916&#8243; hover_image=&#8221;917&#8243; link=&#8221;https:\/\/www.bogotalimpia.com\/&#8221;][qode_client link_target=&#8221;_blank&#8221; image=&#8221;300&#8243; hover_image=&#8221;301&#8243; link=&#8221;https:\/\/www.promoambientaldistrito.com\/web\/&#8221;][qode_client link_target=&#8221;_blank&#8221; image=&#8221;919&#8243; hover_image=&#8221;920&#8243; link=&#8221;https:\/\/perubusiness.pe\/&#8221;][\/qode_clients][\/vc_column_inner][\/vc_row_inner][\/qode_elements_holder_item][\/qode_elements_holder][\/vc_column][\/vc_row][vc_row css_animation=&#8221;&#8221; row_type=&#8221;row&#8221; use_row_as_full_screen_section=&#8221;no&#8221; type=&#8221;grid&#8221; angled_section=&#8221;no&#8221; text_align=&#8221;center&#8221; background_image_as_pattern=&#8221;without_pattern&#8221; padding_bottom=&#8221;96&#8243; css=&#8221;.vc_custom_1515666276812{padding-top: 9% !important;background-image: url(https:\/\/cristanini.com.co\/nuevositio\/wp-content\/uploads\/2018\/01\/home-background-2.jpg?id=85) !important;background-position: center !important;background-repeat: no-repeat !important;background-size: cover !important;}&#8221; z_index=&#8221;&#8221;][vc_column][vc_empty_space height=&#8221;15px&#8221;][vc_column_text]<\/p>\n<h1>Suscr\u00edbete<\/h1>\n<p>[\/vc_column_text][vc_separator type=&#8221;small&#8221; position=&#8221;center&#8221; color=&#8221;#dd3333&#8243; thickness=&#8221;4&#8243; width=&#8221;48&#8243; up=&#8221;19&#8243; down=&#8221;39&#8243;][vc_column_text]<\/p>\n<p style=\"text-align: center;\"><div class=\"wpforms-container wpforms-container-full\" id=\"wpforms-281\"><form id=\"wpforms-form-281\" class=\"wpforms-validate wpforms-form\" data-formid=\"281\" method=\"post\" enctype=\"multipart\/form-data\" action=\"\/index.php\/wp-json\/wp\/v2\/pages\/195\" data-token=\"62fe28dd906a8668ae713ee40d0f9067\"><noscript class=\"wpforms-error-noscript\">Por favor, activa JavaScript en tu navegador para completar este formulario.<\/noscript><div class=\"wpforms-field-container\"><div id=\"wpforms-281-field_0-container\" class=\"wpforms-field wpforms-field-name wpforms-one-half wpforms-first\" data-field-id=\"0\"><label class=\"wpforms-field-label\" for=\"wpforms-281-field_0\">Nombre <span class=\"wpforms-required-label\">*<\/span><\/label><input type=\"text\" id=\"wpforms-281-field_0\" class=\"wpforms-field-large wpforms-field-required\" name=\"wpforms[fields][0]\" required><\/div><div id=\"wpforms-281-field_1-container\" class=\"wpforms-field wpforms-field-email wpforms-one-half\" data-field-id=\"1\"><label class=\"wpforms-field-label\" for=\"wpforms-281-field_1\">Email <span class=\"wpforms-required-label\">*<\/span><\/label><input type=\"email\" id=\"wpforms-281-field_1\" class=\"wpforms-field-large wpforms-field-required\" name=\"wpforms[fields][1]\" required><\/div><\/div><div class=\"wpforms-submit-container\" ><input type=\"hidden\" name=\"wpforms[id]\" value=\"281\"><input type=\"hidden\" name=\"wpforms[author]\" value=\"1\"><button type=\"submit\" name=\"wpforms[submit]\" class=\"wpforms-submit \" id=\"wpforms-submit-281\" value=\"wpforms-submit\" aria-live=\"assertive\" data-alt-text=\"Eviando...\" data-submit-text=\"Enviar\">Enviar<\/button><\/div><\/form><\/div>  <!-- .wpforms-container --><\/p>\n<p>[\/vc_column_text][\/vc_column][\/vc_row]<\/p>\n","protected":false},"excerpt":{"rendered":"<p>[vc_row css_animation=&#8221;&#8221; row_type=&#8221;row&#8221; use_row_as_full_screen_section=&#8221;yes&#8221; type=&#8221;full_width&#8221; angled_section=&#8221;no&#8221; text_align=&#8221;left&#8221; background_image_as_pattern=&#8221;without_pattern&#8221; css=&#8221;.vc_custom_1598368561386{background-position: center !important;background-repeat: no-repeat !important;background-size: cover !important;}&#8221; background_image=&#8221;267&#8243; z_index=&#8221;&#8221;][vc_column][vc_video link=&#8221;https:\/\/youtu.be\/uwzVyAVNJnI&#8221; el_width=&#8221;70&#8243; align=&#8221;center&#8221; css_animation=&#8221;none&#8221;][\/vc_column][vc_column css=&#8221;.vc_custom_1598989640022{padding-top: 5% !important;padding-right: 5% !important;padding-bottom: 5% !important;padding-left: 5% !important;}&#8221;][vc_row_inner row_type=&#8221;row&#8221; type=&#8221;full_width&#8221; text_align=&#8221;left&#8221; css_animation=&#8221;&#8221;][vc_column_inner width=&#8221;1\/3&#8243;][vc_single_image image=&#8221;237&#8243; img_size=&#8221;700X1024&#8243; onclick=&#8221;custom_link&#8221; qode_css_animation=&#8221;&#8221; qode_hover_animation=&#8221;zoom_in&#8221; link=&#8221;https:\/\/cristanini.com.co\/index.php\/ambiental-e-industrial\/&#8221;][vc_column_text css=&#8221;.vc_custom_1602722343577{padding-top: 5% !important;padding-right: 5%&#8230;<\/p>\n","protected":false},"author":1,"featured_media":0,"parent":0,"menu_order":0,"comment_status":"closed","ping_status":"closed","template":"full_width.php","meta":[],"_links":{"self":[{"href":"https:\/\/cristanini.com.co\/index.php\/wp-json\/wp\/v2\/pages\/195"}],"collection":[{"href":"https:\/\/cristanini.com.co\/index.php\/wp-json\/wp\/v2\/pages"}],"about":[{"href":"https:\/\/cristanini.com.co\/index.php\/wp-json\/wp\/v2\/types\/page"}],"author":[{"embeddable":true,"href":"https:\/\/cristanini.com.co\/index.php\/wp-json\/wp\/v2\/users\/1"}],"replies":[{"embeddable":true,"href":"https:\/\/cristanini.com.co\/index.php\/wp-json\/wp\/v2\/comments?post=195"}],"version-history":[{"count":112,"href":"https:\/\/cristanini.com.co\/index.php\/wp-json\/wp\/v2\/pages\/195\/revisions"}],"predecessor-version":[{"id":1123,"href":"https:\/\/cristanini.com.co\/index.php\/wp-json\/wp\/v2\/pages\/195\/revisions\/1123"}],"wp:attachment":[{"href":"https:\/\/cristanini.com.co\/index.php\/wp-json\/wp\/v2\/media?parent=195"}],"curies":[{"name":"wp","href":"https:\/\/api.w.org\/{rel}","templated":true}]}}